{"id":4900,"date":"2022-06-18T18:10:53","date_gmt":"2022-06-18T16:10:53","guid":{"rendered":"https:\/\/www.mochiri.com\/?page_id=4900"},"modified":"2022-06-29T16:55:34","modified_gmt":"2022-06-29T14:55:34","slug":"fornecedor-de-gelado-mochi-contactar-nos","status":"publish","type":"page","link":"https:\/\/mochiri.com\/pt\/fournisseur-de-mochi-glace-contactez-nous\/","title":{"rendered":"Contacte-nos"},"content":{"rendered":"\n[et_pb_section fb_built=\u00a0\u00bb1&Prime; module_class=\u00a0\u00bbtitle_section\u00a0\u00bb _builder_version=\u00a0\u00bb4.17.4&Prime; _dynamic_attributes=\u00a0\u00bbbackground_image\u00a0\u00bb _module_preset=\u00a0\u00bbdefault\u00a0\u00bb background_image=\u00a0\u00bb@ET-DC@eyJkeW5hbWljIjp0cnVlLCJjb250ZW50IjoicG9zdF9mZWF0dXJlZF9pbWFnZSIsInNldHRpbmdzIjp7fX0=@\u00a0\u00bb global_module=\u00a0\u00bb4795&Prime; saved_tabs=\u00a0\u00bball\u00a0\u00bb global_colors_info=\u00a0\u00bb{}\u00a0\u00bb][et_pb_row _builder_version=\u00a0\u00bb4.17.4&Prime; _module_preset=\u00a0\u00bbdefault\u00a0\u00bb hover_enabled=\u00a0\u00bb0&Prime; global_colors_info=\u00a0\u00bb{}\u00a0\u00bb sticky_enabled=\u00a0\u00bb0&Prime;][et_pb_column type=\u00a0\u00bb4_4&Prime; _builder_version=\u00a0\u00bb4.17.4&Prime; _module_preset=\u00a0\u00bbdefault\u00a0\u00bb background_color=\u00a0\u00bb#FFFFFF\u00a0\u00bb custom_padding=\u00a0\u00bb40px|40px|40px|40px|true|true\u00a0\u00bb hover_enabled=\u00a0\u00bb0&Prime; global_colors_info=\u00a0\u00bb{}\u00a0\u00bb custom_padding_last_edited=\u00a0\u00bbon|phone\u00a0\u00bb sticky_enabled=\u00a0\u00bb0&Prime; custom_padding_phone=\u00a0\u00bb|20px||20px|true|true\u00a0\u00bb custom_padding_tablet=\u00a0\u00bb40px|40px|40px|40px|true|true\u00a0\u00bb][et_pb_text _builder_version=\u00a0\u00bb4.17.4&Prime; _dynamic_attributes=\u00a0\u00bbcontent\u00a0\u00bb _module_preset=\u00a0\u00bbdefault\u00a0\u00bb global_colors_info=\u00a0\u00bb{}\u00a0\u00bb]@ET-DC@eyJkeW5hbWljIjp0cnVlLCJjb250ZW50IjoicG9zdF90aXRsZSIsInNldHRpbmdzIjp7ImJlZm9yZSI6IjxoMT4iLCJhZnRlciI6IjwvaDE+In19@[\/et_pb_text][et_pb_text _builder_version=\u00a0\u00bb4.17.4&Prime; _dynamic_attributes=\u00a0\u00bbcontent\u00a0\u00bb _module_preset=\u00a0\u00bbdefault\u00a0\u00bb global_colors_info=\u00a0\u00bb{}\u00a0\u00bb]@ET-DC@eyJkeW5hbWljIjp0cnVlLCJjb250ZW50IjoicG9zdF9leGNlcnB0Iiwic2V0dGluZ3MiOnsiYmVmb3JlIjoiPHA+IiwiYWZ0ZXIiOiI8L3A+Iiwid29yZHMiOiIxMDAwIiwicmVhZF9tb3JlX2xhYmVsIjoiIn19@[\/et_pb_text][\/et_pb_column][\/et_pb_row][\/et_pb_section][et_pb_section fb_built=\u00a0\u00bb1&Prime; _builder_version=\u00a0\u00bb4.17.4&Prime; _module_preset=\u00a0\u00bbdefault\u00a0\u00bb global_colors_info=\u00a0\u00bb{}\u00a0\u00bb][et_pb_row _builder_version=\u00a0\u00bb4.17.4&Prime; _module_preset=\u00a0\u00bbdefault\u00a0\u00bb width=\u00a0\u00bb50%\u00a0\u00bb module_alignment=\u00a0\u00bbcenter\u00a0\u00bb hover_enabled=\u00a0\u00bb0&Prime; global_colors_info=\u00a0\u00bb{}\u00a0\u00bb width_last_edited=\u00a0\u00bbon|phone\u00a0\u00bb sticky_enabled=\u00a0\u00bb0&Prime; width_phone=\u00a0\u00bb90%\u00a0\u00bb width_tablet=\u00a0\u00bb50%\u00a0\u00bb][et_pb_column type=\u00a0\u00bb4_4&Prime; _builder_version=\u00a0\u00bb4.17.4&Prime; _module_preset=\u00a0\u00bbdefault\u00a0\u00bb global_colors_info=\u00a0\u00bb{}\u00a0\u00bb][et_pb_code module_class=\u00a0\u00bbcustom_form\u00a0\u00bb _builder_version=\u00a0\u00bb4.17.4&Prime; _module_preset=\u00a0\u00bbdefault\u00a0\u00bb global_colors_info=\u00a0\u00bb{}\u00a0\u00bb]\n<div class=\"wpcf7 no-js\" id=\"wpcf7-f4901-o1\" lang=\"fr-FR\" dir=\"ltr\" data-wpcf7-id=\"4901\">\n<div class=\"screen-reader-response\"><p role=\"status\" aria-live=\"polite\" aria-atomic=\"true\"><\/p> <ul><\/ul><\/div>\n<form action=\"\/pt\/wp-json\/wp\/v2\/pages\/4900#wpcf7-f4901-o1\" method=\"post\" class=\"wpcf7-form init\" aria-label=\"Formulaire de contact\" novalidate=\"novalidate\" data-status=\"init\">\n<fieldset class=\"hidden-fields-container\"><input type=\"hidden\" name=\"_wpcf7\" value=\"4901\" \/><input type=\"hidden\" name=\"_wpcf7_version\" value=\"6.1.5\" \/><input type=\"hidden\" name=\"_wpcf7_locale\" value=\"fr_FR\" \/><input type=\"hidden\" name=\"_wpcf7_unit_tag\" value=\"wpcf7-f4901-o1\" \/><input type=\"hidden\" name=\"_wpcf7_container_post\" value=\"0\" \/><input type=\"hidden\" name=\"_wpcf7_posted_data_hash\" value=\"\" \/><input type=\"hidden\" name=\"_wpcf7_recaptcha_response\" value=\"\" \/>\n<\/fieldset>\n<p><label> Raison sociale * <\/label><span class=\"wpcf7-form-control-wrap\" data-name=\"raison-sociale\"><input size=\"40\" maxlength=\"400\" class=\"wpcf7-form-control wpcf7-text wpcf7-validates-as-required\" aria-required=\"true\" aria-invalid=\"false\" placeholder=\"Mochiri\" value=\"\" type=\"text\" name=\"raison-sociale\" \/><\/span>\n<\/p>\n<p><label> Nom ou \u00e9tablissement * <\/label><span class=\"wpcf7-form-control-wrap\" data-name=\"nom-etablissement\"><input size=\"40\" maxlength=\"400\" class=\"wpcf7-form-control wpcf7-text wpcf7-validates-as-required\" aria-required=\"true\" aria-invalid=\"false\" placeholder=\"Mochiri\" value=\"\" type=\"text\" name=\"nom-etablissement\" \/><\/span>\n<\/p>\n<p><label>Objet de la demande * <\/label><span class=\"wpcf7-form-control-wrap\" data-name=\"objet-de-la-demande\"><select class=\"wpcf7-form-control wpcf7-select wpcf7-validates-as-required\" aria-required=\"true\" aria-invalid=\"false\" name=\"objet-de-la-demande\"><option value=\"Objet de la demande\">Objet de la demande<\/option><option value=\"Passer commande\">Passer commande<\/option><option value=\"Demande d&#039;informations\">Demande d&#039;informations<\/option><option value=\"Demande de tarifs\">Demande de tarifs<\/option><\/select><\/span>\n<\/p>\n<p><label>Votre email * <\/label><span class=\"wpcf7-form-control-wrap\" data-name=\"email\"><input size=\"40\" maxlength=\"400\" class=\"wpcf7-form-control wpcf7-email wpcf7-validates-as-required wpcf7-text wpcf7-validates-as-email\" aria-required=\"true\" aria-invalid=\"false\" placeholder=\"mochiri@boncolac.com\" value=\"\" type=\"email\" name=\"email\" \/><\/span>\n<\/p>\n<p><label>Votre t\u00e9l\u00e9phone * <\/label><span class=\"wpcf7-form-control-wrap\" data-name=\"tel\"><input size=\"40\" maxlength=\"400\" class=\"wpcf7-form-control wpcf7-tel wpcf7-validates-as-required wpcf7-text wpcf7-validates-as-tel\" aria-required=\"true\" aria-invalid=\"false\" placeholder=\"04 12 34 56 78\" value=\"\" type=\"tel\" name=\"tel\" \/><\/span>\n<\/p>\n<p><label>Votre message <\/label><span class=\"wpcf7-form-control-wrap\" data-name=\"message\"><textarea cols=\"40\" rows=\"10\" maxlength=\"2000\" class=\"wpcf7-form-control wpcf7-textarea\" aria-invalid=\"false\" placeholder=\"Laissez-nous votre message ici\" name=\"message\"><\/textarea><\/span>\n<\/p>\n<p><span class=\"wpcf7-form-control-wrap\" data-name=\"quiz-647\"><label><span class=\"wpcf7-quiz-label\">5 \u00d7 7 ?<\/span> <input size=\"40\" class=\"wpcf7-form-control wpcf7-quiz\" autocomplete=\"off\" aria-required=\"true\" aria-invalid=\"false\" type=\"text\" name=\"quiz-647\" \/><\/label><input type=\"hidden\" name=\"_wpcf7_quiz_answer_quiz-647\" value=\"9f077f3c3d50fcf8f84680b23ff95b29\" \/><\/span>\n<\/p>\n<p><!-- Mailchimp for WordPress v4.12.1 - https:\/\/www.mc4wp.com\/ --><input type=\"hidden\" name=\"_mc4wp_subscribe_contact-form-7\" value=\"0\" \/><span class=\"mc4wp-checkbox mc4wp-checkbox-contact-form-7 \"><label><input type=\"checkbox\" name=\"_mc4wp_subscribe_contact-form-7\" value=\"1\" ><span>Inscrivez-vous pour recevoir notre lettre d'information !<\/span><\/label><\/span><!-- \/ Mailchimp for WordPress --><br \/>\n<span class=\"wpcf7-form-control-wrap\" data-name=\"consentement\"><span class=\"wpcf7-form-control wpcf7-checkbox wpcf7-validates-as-required\"><span class=\"wpcf7-list-item first last\"><label><input type=\"checkbox\" name=\"consentement[]\" value=\"En renseignant ce formulaire, je consens \u00e0 ce que mes donn\u00e9es personnelles soient collect\u00e9es et utilis\u00e9es comme d\u00e9crit dans la Politique de condidentialit\u00e9\" \/><span class=\"wpcf7-list-item-label\">En renseignant ce formulaire, je consens \u00e0 ce que mes donn\u00e9es personnelles soient collect\u00e9es et utilis\u00e9es comme d\u00e9crit dans la Politique de condidentialit\u00e9<\/span><\/label><\/span><\/span><\/span>\n<\/p>\n<div class=\"one_line submit_btn\">\n\t<p><input class=\"wpcf7-form-control wpcf7-submit has-spinner\" type=\"submit\" value=\"Envoyer\" \/>\n\t<\/p>\n<\/div><div class=\"wpcf7-response-output\" aria-hidden=\"true\"><\/div>\n<\/form>\n<\/div>\n[\/et_pb_code][\/et_pb_column][\/et_pb_row][\/et_pb_section]\n","protected":false},"excerpt":{"rendered":"<p>Mochiri - Fornecedor de mochi gelado<\/p>\n<p>Entre em contacto connosco, quer seja um profissional ou um cliente particular, e experimente o nosso delicioso mochi caseiro.<\/p>","protected":false},"author":2,"featured_media":4896,"parent":0,"menu_order":0,"comment_status":"closed","ping_status":"closed","template":"","meta":{"_acf_changed":false,"_et_pb_use_builder":"on","_et_pb_old_content":"","_et_gb_content_width":"","footnotes":""},"class_list":["post-4900","page","type-page","status-publish","has-post-thumbnail","hentry"],"acf":[],"yoast_head":"<!-- This site is optimized with the Yoast SEO plugin v27.2 - https:\/\/yoast.com\/product\/yoast-seo-wordpress\/ -->\n<title>Mochiri - Fournisseur de mochi glac\u00e9 - Contactez-nous<\/title>\n<meta name=\"description\" content=\"Mochiri - Fournisseur de mochi glac\u00e9 - Contactez-Nous, que vous soyez professionnels ou particuliers, d\u00e9gustez nos d\u00e9licieux mochis artisanaux.\" \/>\n<meta name=\"robots\" content=\"index, follow, max-snippet:-1, max-image-preview:large, max-video-preview:-1\" \/>\n<link rel=\"canonical\" href=\"https:\/\/mochiri.com\/pt\/fornecedor-de-gelado-mochi-contactar-nos\/\" \/>\n<meta property=\"og:locale\" content=\"pt_PT\" \/>\n<meta property=\"og:type\" content=\"article\" \/>\n<meta property=\"og:title\" content=\"Mochiri - Fournisseur de mochi glac\u00e9 - Contactez-nous\" \/>\n<meta property=\"og:description\" content=\"Mochiri - Fournisseur de mochi glac\u00e9 - Contactez-Nous, que vous soyez professionnels ou particuliers, d\u00e9gustez nos d\u00e9licieux mochis artisanaux.\" \/>\n<meta property=\"og:url\" content=\"https:\/\/mochiri.com\/pt\/fornecedor-de-gelado-mochi-contactar-nos\/\" \/>\n<meta property=\"og:site_name\" content=\"Mochiri\" \/>\n<meta property=\"article:publisher\" content=\"https:\/\/www.facebook.com\/mochiri_officiel-475290816574792\/\" \/>\n<meta property=\"article:modified_time\" content=\"2022-06-29T14:55:34+00:00\" \/>\n<meta property=\"og:image\" content=\"https:\/\/mochiri.com\/wp-content\/uploads\/2022\/06\/HD-01-1024x1013.png\" \/>\n\t<meta property=\"og:image:width\" content=\"1024\" \/>\n\t<meta property=\"og:image:height\" content=\"1013\" \/>\n\t<meta property=\"og:image:type\" content=\"image\/png\" \/>\n<meta name=\"twitter:card\" content=\"summary_large_image\" \/>\n<meta name=\"twitter:label1\" content=\"Tempo estimado de leitura\" \/>\n\t<meta name=\"twitter:data1\" content=\"1 minuto\" \/>\n<script type=\"application\/ld+json\" class=\"yoast-schema-graph\">{\"@context\":\"https:\/\/schema.org\",\"@graph\":[{\"@type\":\"WebPage\",\"@id\":\"https:\/\/mochiri.com\/fournisseur-de-mochi-glace-contactez-nous\/\",\"url\":\"https:\/\/mochiri.com\/fournisseur-de-mochi-glace-contactez-nous\/\",\"name\":\"Mochiri - Fournisseur de mochi glac\u00e9 - Contactez-nous\",\"isPartOf\":{\"@id\":\"https:\/\/mochiri.com\/#website\"},\"primaryImageOfPage\":{\"@id\":\"https:\/\/mochiri.com\/fournisseur-de-mochi-glace-contactez-nous\/#primaryimage\"},\"image\":{\"@id\":\"https:\/\/mochiri.com\/fournisseur-de-mochi-glace-contactez-nous\/#primaryimage\"},\"thumbnailUrl\":\"https:\/\/mochiri.com\/wp-content\/uploads\/2022\/06\/HD-01.png\",\"datePublished\":\"2022-06-18T16:10:53+00:00\",\"dateModified\":\"2022-06-29T14:55:34+00:00\",\"description\":\"Mochiri - Fournisseur de mochi glac\u00e9 - Contactez-Nous, que vous soyez professionnels ou particuliers, d\u00e9gustez nos d\u00e9licieux mochis artisanaux.\",\"inLanguage\":\"pt-PT\",\"potentialAction\":[{\"@type\":\"ReadAction\",\"target\":[\"https:\/\/mochiri.com\/fournisseur-de-mochi-glace-contactez-nous\/\"]}]},{\"@type\":\"ImageObject\",\"inLanguage\":\"pt-PT\",\"@id\":\"https:\/\/mochiri.com\/fournisseur-de-mochi-glace-contactez-nous\/#primaryimage\",\"url\":\"https:\/\/mochiri.com\/wp-content\/uploads\/2022\/06\/HD-01.png\",\"contentUrl\":\"https:\/\/mochiri.com\/wp-content\/uploads\/2022\/06\/HD-01.png\",\"width\":1440,\"height\":1424,\"caption\":\"Mochi glac\u00e9 mangue passion\"},{\"@type\":\"WebSite\",\"@id\":\"https:\/\/mochiri.com\/#website\",\"url\":\"https:\/\/mochiri.com\/\",\"name\":\"Mochiri\",\"description\":\"Fournisseur fran\u00e7ais de mochi glac\u00e9 - Mochiri vous propose 14 mochis glac\u00e9s\",\"potentialAction\":[{\"@type\":\"SearchAction\",\"target\":{\"@type\":\"EntryPoint\",\"urlTemplate\":\"https:\/\/mochiri.com\/?s={search_term_string}\"},\"query-input\":{\"@type\":\"PropertyValueSpecification\",\"valueRequired\":true,\"valueName\":\"search_term_string\"}}],\"inLanguage\":\"pt-PT\"}]}<\/script>\n<!-- \/ Yoast SEO plugin. -->","yoast_head_json":{"title":"Mochiri - Fornecedor de mochi gelado - Contacte-nos","description":"Mochiri - Fornecedor de mochi gelado - Contacte-nos, quer seja um profissional ou um particular, desfrute dos nossos deliciosos mochi artesanais.","robots":{"index":"index","follow":"follow","max-snippet":"max-snippet:-1","max-image-preview":"max-image-preview:large","max-video-preview":"max-video-preview:-1"},"canonical":"https:\/\/mochiri.com\/pt\/fornecedor-de-gelado-mochi-contactar-nos\/","og_locale":"pt_PT","og_type":"article","og_title":"Mochiri - Fournisseur de mochi glac\u00e9 - Contactez-nous","og_description":"Mochiri - Fournisseur de mochi glac\u00e9 - Contactez-Nous, que vous soyez professionnels ou particuliers, d\u00e9gustez nos d\u00e9licieux mochis artisanaux.","og_url":"https:\/\/mochiri.com\/pt\/fornecedor-de-gelado-mochi-contactar-nos\/","og_site_name":"Mochiri","article_publisher":"https:\/\/www.facebook.com\/mochiri_officiel-475290816574792\/","article_modified_time":"2022-06-29T14:55:34+00:00","og_image":[{"width":1024,"height":1013,"url":"https:\/\/mochiri.com\/wp-content\/uploads\/2022\/06\/HD-01-1024x1013.png","type":"image\/png"}],"twitter_card":"summary_large_image","twitter_misc":{"Tempo estimado de leitura":"1 minuto"},"schema":{"@context":"https:\/\/schema.org","@graph":[{"@type":"WebPage","@id":"https:\/\/mochiri.com\/fournisseur-de-mochi-glace-contactez-nous\/","url":"https:\/\/mochiri.com\/fournisseur-de-mochi-glace-contactez-nous\/","name":"Mochiri - Fornecedor de mochi gelado - Contacte-nos","isPartOf":{"@id":"https:\/\/mochiri.com\/#website"},"primaryImageOfPage":{"@id":"https:\/\/mochiri.com\/fournisseur-de-mochi-glace-contactez-nous\/#primaryimage"},"image":{"@id":"https:\/\/mochiri.com\/fournisseur-de-mochi-glace-contactez-nous\/#primaryimage"},"thumbnailUrl":"https:\/\/mochiri.com\/wp-content\/uploads\/2022\/06\/HD-01.png","datePublished":"2022-06-18T16:10:53+00:00","dateModified":"2022-06-29T14:55:34+00:00","description":"Mochiri - Fornecedor de mochi gelado - Contacte-nos, quer seja um profissional ou um particular, desfrute dos nossos deliciosos mochi artesanais.","inLanguage":"pt-PT","potentialAction":[{"@type":"ReadAction","target":["https:\/\/mochiri.com\/fournisseur-de-mochi-glace-contactez-nous\/"]}]},{"@type":"ImageObject","inLanguage":"pt-PT","@id":"https:\/\/mochiri.com\/fournisseur-de-mochi-glace-contactez-nous\/#primaryimage","url":"https:\/\/mochiri.com\/wp-content\/uploads\/2022\/06\/HD-01.png","contentUrl":"https:\/\/mochiri.com\/wp-content\/uploads\/2022\/06\/HD-01.png","width":1440,"height":1424,"caption":"Mochi glac\u00e9 mangue passion"},{"@type":"WebSite","@id":"https:\/\/mochiri.com\/#website","url":"https:\/\/mochiri.com\/","name":"Mochiri","description":"Fornecedor franc\u00eas de mochi congelado - Mochiri oferece-lhe 14 mochiri","potentialAction":[{"@type":"SearchAction","target":{"@type":"EntryPoint","urlTemplate":"https:\/\/mochiri.com\/?s={search_term_string}"},"query-input":{"@type":"PropertyValueSpecification","valueRequired":true,"valueName":"search_term_string"}}],"inLanguage":"pt-PT"}]}},"_links":{"self":[{"href":"https:\/\/mochiri.com\/pt\/wp-json\/wp\/v2\/pages\/4900","targetHints":{"allow":["GET"]}}],"collection":[{"href":"https:\/\/mochiri.com\/pt\/wp-json\/wp\/v2\/pages"}],"about":[{"href":"https:\/\/mochiri.com\/pt\/wp-json\/wp\/v2\/types\/page"}],"author":[{"embeddable":true,"href":"https:\/\/mochiri.com\/pt\/wp-json\/wp\/v2\/users\/2"}],"replies":[{"embeddable":true,"href":"https:\/\/mochiri.com\/pt\/wp-json\/wp\/v2\/comments?post=4900"}],"version-history":[{"count":0,"href":"https:\/\/mochiri.com\/pt\/wp-json\/wp\/v2\/pages\/4900\/revisions"}],"wp:featuredmedia":[{"embeddable":true,"href":"https:\/\/mochiri.com\/pt\/wp-json\/wp\/v2\/media\/4896"}],"wp:attachment":[{"href":"https:\/\/mochiri.com\/pt\/wp-json\/wp\/v2\/media?parent=4900"}],"curies":[{"name":"wp","href":"https:\/\/api.w.org\/{rel}","templated":true}]}}