{"id":3,"date":"2022-06-14T17:33:29","date_gmt":"2022-06-14T15:33:29","guid":{"rendered":"https:\/\/www.mochiri.com\/?page_id=3"},"modified":"2025-10-22T16:56:18","modified_gmt":"2025-10-22T14:56:18","slug":"informativa-sulla-privacy","status":"publish","type":"page","link":"https:\/\/mochiri.com\/it\/politique-de-confidentialite\/","title":{"rendered":"Informativa sulla privacy"},"content":{"rendered":"<p><\/p>\n\n\n\n<ol class=\"wp-block-list\">\n<li><strong>Pr\u00e9ambule\u00a0<\/strong><\/li>\n<\/ol>\n\n\n\n<p>Le R\u00e8glement g\u00e9n\u00e9ral sur la protection des donn\u00e9es (RGPD\u2013 R\u00e8glement UE 2016\/679), applicable depuis mai 2018, constitue le cadre europ\u00e9en relatif \u00e0 la protection des personnes physiques \u00e0 l\u2019\u00e9gard du traitement et de la circulation des donn\u00e9es \u00e0 caract\u00e8re personnel. En compl\u00e9ment, la loi Informatique et Libert\u00e9s n\u00b078-17 du 6 janvier 1978 (modifi\u00e9e) r\u00e9git \u00e9galement la protection de ces donn\u00e9es en France. La pr\u00e9sente politique de confidentialit\u00e9 vous explique comment BONCOLAC SAS traite vos informations personnelles lors de votre utilisation du site <a href=\"https:\/\/mochiri.com\/it\/gelataio-francese\/\">Fabricant fran\u00e7ais de mochi glac\u00e9 &#8211; Pr\u00e9sentation de Mochiri<\/a>, en toute conformit\u00e9 avec le RGPD et la loi Informatique et Libert\u00e9s.<\/p>\n\n\n\n<p>La pr\u00e9sente politique de confidentialit\u00e9 a pour objectif de vous informer sur la mani\u00e8re dont vos donn\u00e9es personnelles sont collect\u00e9es. Par \u00ab\u00a0donn\u00e9es personnelles\u00a0\u00bb, nous entendons toute information se rapportant \u00e0 une personne physique identifi\u00e9e ou identifiable, utilisateur du Site.<\/p>\n\n\n\n<p>Cette politique compl\u00e8te les mentions l\u00e9gales et les Conditions G\u00e9n\u00e9rales d\u2019Utilisation consultables par les utilisateurs \u00e0 l\u2019adresse suivante : <a href=\"https:\/\/mochiri.com\/it\/avvisi-legali\/\">Informazioni legali | Mochiri<\/a><\/p>\n\n\n\n<ol start=\"2\" class=\"wp-block-list\">\n<li><strong>Donn\u00e9es \u00e0 caract\u00e8re personnel collect\u00e9es et trait\u00e9es dans le cadre de l\u2019utilisation du site internet\u00a0<\/strong><\/li>\n<\/ol>\n\n\n\n<ol class=\"wp-block-list\">\n<li><strong>Donn\u00e9es collect\u00e9es\u00a0<\/strong><\/li>\n<\/ol>\n\n\n\n<p>Nous collectons des donn\u00e9es personnelles d&rsquo;une mani\u00e8re principale : certaines informations sont recueillies automatiquement lors de votre navigation sur notre Site. Ces donn\u00e9es nous aident \u00e0 am\u00e9liorer votre exp\u00e9rience utilisateur et le fonctionnement de nos services.<\/p>\n\n\n\n<p>Les donn\u00e9es automatiquement recueillies pendant votre visite sont les suivantes :<\/p>\n\n\n\n<ul class=\"wp-block-list\">\n<li>Votre adresse IP : adresse IP affect\u00e9e \u00e0 votre ordinateur par votre fournisseur d\u2019acc\u00e8s internet pour vous permettre d\u2019acc\u00e9der \u00e0 Internet.\u00a0<\/li>\n\n\n\n<li>L\u2019adresse du Site Internet \u00e0 partir de laquelle vous vous \u00eates connect\u00e9 au Site\u00a0;<\/li>\n\n\n\n<li>La date et l\u2019heure de votre visite sur le Site et les pages que vous avez consult\u00e9es\u00a0;\u00a0<\/li>\n\n\n\n<li>Le syst\u00e8me d\u2019exploitation de votre ordinateur\u00a0;\u00a0<\/li>\n\n\n\n<li>Logiciel de navigation\u00a0;<\/li>\n<\/ul>\n\n\n\n<ol start=\"2\" class=\"wp-block-list\">\n<li><strong>Le responsable du traitement des donn\u00e9es\u00a0<\/strong><\/li>\n<\/ol>\n\n\n\n<p>Les donn\u00e9es \u00e0 caract\u00e8re personnelles sont collect\u00e9es par BONCOLAC, SAS au capital de 45 983 680,00 Euros, immatricul\u00e9e au RCS de TOULOUSE sous le num\u00e9ro B 712 721 372, dont le si\u00e8ge social se situe au 183 avenue des Etats-Unis, 31200 TOULOUSE.<\/p>\n\n\n\n<p>Le responsable du traitement des donn\u00e9es \u00e0 caract\u00e8re personnel est la soci\u00e9t\u00e9 BONCOLAC SAS, repr\u00e9sent\u00e9e par M. Alexandre VIGNERON.<\/p>\n\n\n\n<p>Vos donn\u00e9es \u00e0 caract\u00e8re personnel sont rendues accessibles aux seules personnes habilit\u00e9es \u00e0 en connaitre au regard de leurs attributions. Vos donn\u00e9es \u00e0 caract\u00e8re personnel sont transmises aux salari\u00e9s de BONCOLAC en charge de l\u2019administration de la plateforme et de la r\u00e9alisation des enqu\u00eates (directions marketing de BONCOLAC). Vos donn\u00e9es ne sont pas transmises \u00e0 nos partenaires commerciaux sans que vous n\u2019y ayez au pr\u00e9alable \u00e9t\u00e9 inform\u00e9 et sans avoir recueilli au pr\u00e9alable votre consentement.<\/p>\n\n\n\n<p>Le d\u00e9l\u00e9gu\u00e9 \u00e0 la protection des donn\u00e9es \u00e0 caract\u00e8re personnel, Eva IZQUIERDO, peut \u00eatre contact\u00e9 de la mani\u00e8re suivante&nbsp;:&nbsp;<\/p>\n\n\n\n<p>Contact soit par courrier : BONCOLAC SAS \u2013 183 avenue des Etats-Unis 31200 TOULOUSE<\/p>\n\n\n\n<p>Contact soit par email&nbsp;:&nbsp;<a href=\"mailto:conformite@boncolac.com\">conformite@boncolac.com<\/a><\/p>\n\n\n\n<ol start=\"3\" class=\"wp-block-list\">\n<li><strong>Traitement des donn\u00e9es\u00a0<\/strong>\n<ol class=\"wp-block-list\">\n<li><strong>Base L\u00e9gale du traitement et dur\u00e9e de conservation des donn\u00e9es\u00a0<\/strong><\/li>\n<\/ol>\n<\/li>\n<\/ol>\n\n\n\n<ol class=\"wp-block-list\">\n<li><strong>Base l\u00e9gale\u00a0<\/strong><\/li>\n<\/ol>\n\n\n\n<p>Pour assurer la conformit\u00e9 avec le RGPD, le traitement de vos donn\u00e9es personnelles par BONCOLAC repose sur les bases l\u00e9gales suivantes :<\/p>\n\n\n\n<p>Le consentement de l&rsquo;utilisateur&nbsp;: vous acceptez le traitement de vos donn\u00e9es personnelles par le biais d\u2019un consentement expr\u00e8s (case \u00e0 cocher, clic\u2026). Vous pouvez retirer ce consentement \u00e0 tout moment.<\/p>\n\n\n\n<p>L&rsquo;int\u00e9r\u00eat l\u00e9gitime&nbsp;: BONCOLAC a un int\u00e9r\u00eat commercial \u00e0 traiter vos donn\u00e9es qui est justifi\u00e9, \u00e9quilibr\u00e9 et ne vient pas porter atteinte \u00e0 votre vie priv\u00e9e. Sauf exception, vous pouvez \u00e0 tout moment vous opposer \u00e0 un traitement bas\u00e9 sur l\u2019int\u00e9r\u00eat l\u00e9gitime en le signalant \u00e0 BONCOLAC.<\/p>\n\n\n\n<ol start=\"2\" class=\"wp-block-list\">\n<li><strong>Dur\u00e9e de conservation des donn\u00e9es\u00a0<\/strong><\/li>\n<\/ol>\n\n\n\n<p>Nous conservons vos donn\u00e9es personnelles uniquement le temps n\u00e9cessaire \u00e0 la r\u00e9alisation des finalit\u00e9s pour lesquelles elles ont \u00e9t\u00e9 collect\u00e9es. Les dur\u00e9es sp\u00e9cifiques de conservation pour chaque type de traitement sont d\u00e9taill\u00e9es pour chaque finalit\u00e9 ci-apr\u00e8s.<\/p>\n\n\n\n<ol start=\"2\" class=\"wp-block-list\">\n<li><strong>Finalit\u00e9 du traitement\u00a0<\/strong><\/li>\n<\/ol>\n\n\n\n<p>Nous collectons et traitons vos donn\u00e9es personnelles dans le respect de la l\u00e9gislation en vigueur et pour des finalit\u00e9s sp\u00e9cifiques, notamment pour :<\/p>\n\n\n\n<ul class=\"wp-block-list\">\n<li>Personnalisation de nos services et de nos communications<\/li>\n<\/ul>\n\n\n\n<p>Vos donn\u00e9es nous aident \u00e0 am\u00e9liorer et personnaliser les services que nous vous proposons et les communications que nous vous adressons.&nbsp;<\/p>\n\n\n\n<p>Par exemple, nous pouvons vous envoyer des e-mails personnalis\u00e9s ou des sms (prospection commerciale \u00e9lectronique), ou vous recommander des produits sur notre Site, en fonction de vos centres d&rsquo;int\u00e9r\u00eat.<\/p>\n\n\n\n<p>Base l\u00e9gale&nbsp;: le consentement lors de l\u2019abonnement de l\u2019utilisateur \u00e0 la newsletter Mochiri ou du renseignement de ses donn\u00e9es personnelles sur le formulaire d\u2019informations disponible sur le site.<\/p>\n\n\n\n<p>Dur\u00e9e de conservation&nbsp;: 3 ans \u00e0 compter de la derni\u00e8re activit\u00e9 pour les emails<\/p>\n\n\n\n<ul class=\"wp-block-list\">\n<li>S\u00e9curit\u00e9 de notre site<\/li>\n<\/ul>\n\n\n\n<p>Nous collectons certaines donn\u00e9es de navigation pour assurer la s\u00e9curit\u00e9 de nos services et de d\u00e9tecter, d\u2019\u00e9viter ou de retracer toute tentative de malveillance, d&rsquo;intrusion informatique, ou toute violation de nos conditions d&rsquo;utilisation.<\/p>\n\n\n\n<p>Base l\u00e9gale&nbsp;: l\u2019int\u00e9r\u00eat l\u00e9gitime&nbsp;<\/p>\n\n\n\n<p>Dur\u00e9e de conservation&nbsp;: 12 mois apr\u00e8s la derni\u00e8re utilisation du site internet&nbsp;<\/p>\n\n\n\n<ul class=\"wp-block-list\">\n<li>Personnalisation des publicit\u00e9s en ligne (publicit\u00e9 cibl\u00e9e)<\/li>\n<\/ul>\n\n\n\n<p>Nous pouvons utiliser des donn\u00e9es qui ne permettent pas de vous identifier directement (identifiants techniques ou donn\u00e9es sociod\u00e9mographiques) pour adapter la publicit\u00e9 que vous visualisez sur notre site ou ceux de nos partenaires. Vos donn\u00e9es peuvent \u00eatre crois\u00e9es avec d&rsquo;autres informations collect\u00e9es \u00e0 l\u2019occasion de nos relations avec des partenaires, et rendues pseudonymes avant toute utilisation, comme votre tranche d\u2019\u00e2ge ou votre sexe aux fins de dresser votre profil d&rsquo;utilisateur et y associer des centres d&rsquo;int\u00e9r\u00eat pour vous proposer des publicit\u00e9s pertinentes.<\/p>\n\n\n\n<p>Base l\u00e9gale&nbsp;: l\u2019int\u00e9r\u00eat l\u00e9gitime<\/p>\n\n\n\n<p>Dur\u00e9e de conservation&nbsp;: 13 mois \u00e0 compter du d\u00e9p\u00f4t des cookies publicitaires. Vous pouvez g\u00e9rer les cookies publicitaires dans le gestionnaire de cookies de la page d\u2019information cookies<\/p>\n\n\n\n<ul class=\"wp-block-list\">\n<li>Connaissance client, statistiques et performance de notre site<\/li>\n<\/ul>\n\n\n\n<p>Nous utilisons des donn\u00e9es pour mieux comprendre nos clients ou \u00e0 des fins de statistiques pour analyser l&rsquo;activit\u00e9 de notre site et \u00e0 am\u00e9liorer les services que nous offrons. Nous r\u00e9alisons des mesures d&rsquo;audience, comme le nombre de pages vues, le nombre de visites sur le site, l&rsquo;activit\u00e9 des visiteurs et leur fr\u00e9quence de retour.<\/p>\n\n\n\n<p>Base l\u00e9gale&nbsp;: l\u2019int\u00e9r\u00eat l\u00e9gitime&nbsp;<\/p>\n\n\n\n<p>Dur\u00e9e de conservation&nbsp;: 2 ans \u00e0 compter de la derni\u00e8re activit\u00e9&nbsp;<\/p>\n\n\n\n<p>BONCOLAC veille \u00e0 ne collecter et ne traiter que des donn\u00e9es strictement n\u00e9cessaires au regard de la finalit\u00e9 pour laquelle elles sont trait\u00e9es.&nbsp;<\/p>\n\n\n\n<ol start=\"4\" class=\"wp-block-list\">\n<li><strong>Droits de l\u2019utilisateur en mati\u00e8re de collecte et de traitement des donn\u00e9es\u00a0<\/strong><\/li>\n<\/ol>\n\n\n\n<p>Tout utilisateur concern\u00e9&nbsp;par le traitement de ses donn\u00e9es personnelles peut se pr\u00e9valoir des droits suivants, en application du r\u00e8glement europ\u00e9en 2016\/679 et la Loi Informatique et Libert\u00e9 (loi 78-17 du 6 janvier 1978)&nbsp;:&nbsp;<\/p>\n\n\n\n<ul class=\"wp-block-list\">\n<li>D\u2019un\u00a0<strong>droit d\u2019acc\u00e8s<\/strong>, qui vous permet d\u2019obtenir :\n<ul class=\"wp-block-list\">\n<li>La confirmation que des donn\u00e9es vous concernant sont ou ne sont pas trait\u00e9es ;\u00a0<\/li>\n\n\n\n<li>La communication d\u2019une copie de l\u2019ensemble des donn\u00e9es \u00e0 caract\u00e8re personnel d\u00e9tenues par le responsable de traitement.\u00a0<\/li>\n<\/ul>\n<\/li>\n<\/ul>\n\n\n\n<p>Ce droit concerne l\u2019ensemble des donn\u00e9es qui font ou non l\u2019objet d\u2019un traitement de la part des responsables de traitement.&nbsp;<\/p>\n\n\n\n<ul class=\"wp-block-list\">\n<li>D\u2019un\u00a0<strong>droit de demander la portabilit\u00e9\u00a0<\/strong>de certaines donn\u00e9es : il vous permet de r\u00e9cup\u00e9rer vos donn\u00e9es \u00e0 caract\u00e8re personnel dans un format structur\u00e9, couramment utilis\u00e9 et lisible par une machine. Il s\u2019applique aux seules donn\u00e9es fournies de mani\u00e8re active, par exemple en remplissant un formulaire, en r\u00e9pondant \u00e0 une enqu\u00eate et qui sont trait\u00e9es de mani\u00e8re automatis\u00e9es.\u00a0<\/li>\n\n\n\n<li>D\u2019un\u00a0<strong>droit de retrait du consentement\u00a0<\/strong>: la possibilit\u00e9 de retirer, \u00e0 tout moment, le consentement que vous avez donn\u00e9 pour le traitement de vos donn\u00e9es personnelles lors de l&rsquo;utilisation du site.<\/li>\n<\/ul>\n\n\n\n<p><strong>Vous pouvez \u00e0 tout moment retirer votre consentement<\/strong>&nbsp;ou formuler une opposition concernant les usages de vos donn\u00e9es d\u00e9crits ci-avant. Pour ce faire, des liens de d\u00e9sinscription sont disponibles dans toutes nos communications. Si vous pr\u00e9f\u00e9rez nous contacter par courriel ou par courrier, merci de nous indiquer votre d\u00e9nomination sociale, adresse \u00e9lectronique, l\u2019adresse de votre si\u00e8ge social, en pr\u00e9cisant le motif de votre demande ou le droit que vous souhaitez exercer. Pour nous aider \u00e0 traiter au mieux votre requ\u00eate, vous pouvez mentionner l&rsquo;un des motifs suivants : \u00ab\u00a0Stop courriel BONCOLAC\u00a0\u00bb ou \u00ab\u00a0Stop courriel Partenaires\u00a0\u00bb pour l&rsquo;arr\u00eat des prospections commerciales ; \u00ab\u00a0Opposition partage Groupe BONCOLAC\u00a0\u00bb.<\/p>\n\n\n\n<p>Contact soit par courrier : BONCOLAC SAS \u2013 183 avenue des Etats-Unis 31200 TOULOUSE<\/p>\n\n\n\n<p>Contact soit par email&nbsp;:&nbsp;<a href=\"mailto:conformite@boncolac.com\">conformite@boncolac.com<\/a><\/p>\n\n\n\n<ul class=\"wp-block-list\">\n<li>D\u2019un\u00a0<strong>droit de rectification\u00a0<\/strong>: il vous permet de faire rectifier une information vous concernant lorsque celle-ci est obsol\u00e8te ou erron\u00e9e. Il vous permet \u00e9galement de faire compl\u00e9ter des informations incompl\u00e8tes vous concernant.\u00a0<\/li>\n\n\n\n<li>D\u2019un\u00a0<strong>droit d\u2019effacement\u00a0<\/strong>: il vous permet d\u2019obtenir l\u2019effacement de vos donn\u00e9es \u00e0 caract\u00e8re personnel sous r\u00e9serve des dur\u00e9es l\u00e9gales de conservation. Il peut notamment trouver \u00e0 s\u2019appliquer dans le cas o\u00f9 vos donn\u00e9es ne seraient plus n\u00e9cessaires au traitement.\u00a0<\/li>\n\n\n\n<li>D\u2019un\u00a0<strong>droit de limitation\u00a0<\/strong>: il vous permet de limiter le traitement de vos donn\u00e9es dans les cas suivants :\u00a0en cas d\u2019usage illicite de vos donn\u00e9es\u00a0; si vous contestez l\u2019exactitude de vos celles-ci\u00a0; S\u2019il vous est n\u00e9cessaire de disposer des donn\u00e9es pour constater, exercer ou d\u00e9fendre vos droits.\u00a0<\/li>\n<\/ul>\n\n\n\n<p>Vos donn\u00e9es personnelles ne feront alors plus l\u2019objet d\u2019un traitement actif, et ne pourront pas \u00eatre modifi\u00e9es pendant la dur\u00e9e de l\u2019exercice de ce droit.&nbsp;<\/p>\n\n\n\n<p>Pour plus de d\u00e9tail sur vos droits, vous pouvez vous adresser au D\u00e9l\u00e9gu\u00e9 \u00e0 la protection des donn\u00e9es. A l\u2019appui de votre demande, il vous sera demand\u00e9 de vous identifier (\u00e0 travers votre d\u00e9nomination sociale, num\u00e9ro di SIRET\/SIREN\u2026).&nbsp;<\/p>\n\n\n\n<p>Si apr\u00e8s nous avoir contact\u00e9, vous estimez que vos droits en mati\u00e8re de protection de donn\u00e9es \u00e0 caract\u00e8re personnel ne sont pas respect\u00e9s, vous avez la possibilit\u00e9 de saisir la Commission Nationale de l\u2019Informatique et Libert\u00e9s. Les coordonn\u00e9es de la CNIL sont disponibles \u00e0 l\u2019adresse suivante&nbsp;:&nbsp;<a href=\"https:\/\/cnil.fr\/\">https:\/\/cnil.fr\/<\/a>&nbsp;<\/p>\n\n\n\n<ol start=\"5\" class=\"wp-block-list\">\n<li><strong>S\u00e9curit\u00e9 de vos Donn\u00e9es\u00a0<\/strong><\/li>\n<\/ol>\n\n\n\n<p>BONCOLAC met en \u0153uvre les mesures techniques et organisationnelles appropri\u00e9es pour assurer la s\u00e9curit\u00e9 de vos donn\u00e9es conform\u00e9ment \u00e0 la r\u00e8glementation applicable.&nbsp;&nbsp;Dans ce cadre, elle met en \u0153uvre les pr\u00e9cautions et mesures n\u00e9cessaires contre&nbsp;tout acc\u00e8s et utilisation non autoris\u00e9e des donn\u00e9es, la perte accidentelle ou le vol de donn\u00e9es, la destruction ou l\u2019alt\u00e9ration des donn\u00e9es et de mani\u00e8re g\u00e9n\u00e9rale, tout dommage pouvant affecter ces donn\u00e9es.&nbsp;<\/p>\n\n\n\n<ol start=\"6\" class=\"wp-block-list\">\n<li><strong>Conditions de modification de la politique de confidentialit\u00e9\u00a0<\/strong><\/li>\n<\/ol>\n\n\n\n<p>L\u2019\u00e9diteur du site <a href=\"https:\/\/mochiri.com\/it\/gelataio-francese\/\">Fabricant fran\u00e7ais de mochi glac\u00e9 &#8211; Pr\u00e9sentation de Mochiri<\/a>, se r\u00e9serve le droit de pouvoir modifier la pr\u00e9sente politique \u00e0 tout moment afin d\u2019assurer aux utilisateurs du Site sa conformit\u00e9 avec le droit en vigueur. Les \u00e9ventuelles modifications ne sauraient avoir d\u2019incidence sur l\u2019utilisation ant\u00e9rieure du Site, laquelle reste soumise \u00e0 la politique en vigueur au moment de ladite utilisation et telle qu\u2019accept\u00e9e par l\u2019utilisateur \u00e0 cette occasion. L\u2019utilisateur est invit\u00e9 \u00e0 prendre connaissance de cette politique \u00e0 chaque fois qu\u2019il utilise nos services, sans qu\u2019il soit n\u00e9cessaire de l\u2019en pr\u00e9venir formellement.&nbsp;<\/p>\n\n\n\n<p>La pr\u00e9sente politique a \u00e9t\u00e9 \u00e9dit\u00e9e le<strong> 08\/10\/2025.<\/strong><\/p>","protected":false},"excerpt":{"rendered":"<p>Le R\u00e8glement g\u00e9n\u00e9ral sur la protection des donn\u00e9es (RGPD\u2013 R\u00e8glement UE 2016\/679), applicable depuis mai 2018, constitue le [&hellip;]<\/p>\n","protected":false},"author":2,"featured_media":0,"parent":0,"menu_order":0,"comment_status":"closed","ping_status":"closed","template":"","meta":{"_acf_changed":false,"_et_pb_use_builder":"","_et_pb_old_content":"","_et_gb_content_width":"1200","footnotes":""},"class_list":["post-3","page","type-page","status-publish","hentry"],"acf":[],"yoast_head":"<!-- This site is optimized with the Yoast SEO plugin v27.2 - https:\/\/yoast.com\/product\/yoast-seo-wordpress\/ -->\n<title>Politique de confidentialit\u00e9 | Mochiri<\/title>\n<meta name=\"robots\" content=\"index, follow, max-snippet:-1, max-image-preview:large, max-video-preview:-1\" \/>\n<link rel=\"canonical\" href=\"https:\/\/mochiri.com\/it\/informativa-sulla-privacy\/\" \/>\n<meta property=\"og:locale\" content=\"it_IT\" \/>\n<meta property=\"og:type\" content=\"article\" \/>\n<meta property=\"og:title\" content=\"Politique de confidentialit\u00e9 | Mochiri\" \/>\n<meta property=\"og:description\" content=\"Le R\u00e8glement g\u00e9n\u00e9ral sur la protection des donn\u00e9es (RGPD\u2013 R\u00e8glement UE 2016\/679), applicable depuis mai 2018, constitue le [&hellip;]\" \/>\n<meta property=\"og:url\" content=\"https:\/\/mochiri.com\/it\/informativa-sulla-privacy\/\" \/>\n<meta property=\"og:site_name\" content=\"Mochiri\" \/>\n<meta property=\"article:publisher\" content=\"https:\/\/www.facebook.com\/mochiri_officiel-475290816574792\/\" \/>\n<meta property=\"article:modified_time\" content=\"2025-10-22T14:56:18+00:00\" \/>\n<meta name=\"twitter:card\" content=\"summary_large_image\" \/>\n<meta name=\"twitter:label1\" content=\"Tempo di lettura stimato\" \/>\n\t<meta name=\"twitter:data1\" content=\"4 minuti\" \/>\n<script type=\"application\/ld+json\" class=\"yoast-schema-graph\">{\"@context\":\"https:\/\/schema.org\",\"@graph\":[{\"@type\":\"WebPage\",\"@id\":\"https:\/\/mochiri.com\/politique-de-confidentialite\/\",\"url\":\"https:\/\/mochiri.com\/politique-de-confidentialite\/\",\"name\":\"Politique de confidentialit\u00e9 | Mochiri\",\"isPartOf\":{\"@id\":\"https:\/\/mochiri.com\/#website\"},\"datePublished\":\"2022-06-14T15:33:29+00:00\",\"dateModified\":\"2025-10-22T14:56:18+00:00\",\"inLanguage\":\"it-IT\",\"potentialAction\":[{\"@type\":\"ReadAction\",\"target\":[\"https:\/\/mochiri.com\/politique-de-confidentialite\/\"]}]},{\"@type\":\"WebSite\",\"@id\":\"https:\/\/mochiri.com\/#website\",\"url\":\"https:\/\/mochiri.com\/\",\"name\":\"Mochiri\",\"description\":\"Fournisseur fran\u00e7ais de mochi glac\u00e9 - Mochiri vous propose 14 mochis glac\u00e9s\",\"potentialAction\":[{\"@type\":\"SearchAction\",\"target\":{\"@type\":\"EntryPoint\",\"urlTemplate\":\"https:\/\/mochiri.com\/?s={search_term_string}\"},\"query-input\":{\"@type\":\"PropertyValueSpecification\",\"valueRequired\":true,\"valueName\":\"search_term_string\"}}],\"inLanguage\":\"it-IT\"}]}<\/script>\n<!-- \/ Yoast SEO plugin. -->","yoast_head_json":{"title":"Informativa sulla privacy | Mochiri","robots":{"index":"index","follow":"follow","max-snippet":"max-snippet:-1","max-image-preview":"max-image-preview:large","max-video-preview":"max-video-preview:-1"},"canonical":"https:\/\/mochiri.com\/it\/informativa-sulla-privacy\/","og_locale":"it_IT","og_type":"article","og_title":"Politique de confidentialit\u00e9 | Mochiri","og_description":"Le R\u00e8glement g\u00e9n\u00e9ral sur la protection des donn\u00e9es (RGPD\u2013 R\u00e8glement UE 2016\/679), applicable depuis mai 2018, constitue le [&hellip;]","og_url":"https:\/\/mochiri.com\/it\/informativa-sulla-privacy\/","og_site_name":"Mochiri","article_publisher":"https:\/\/www.facebook.com\/mochiri_officiel-475290816574792\/","article_modified_time":"2025-10-22T14:56:18+00:00","twitter_card":"summary_large_image","twitter_misc":{"Tempo di lettura stimato":"4 minuti"},"schema":{"@context":"https:\/\/schema.org","@graph":[{"@type":"WebPage","@id":"https:\/\/mochiri.com\/politique-de-confidentialite\/","url":"https:\/\/mochiri.com\/politique-de-confidentialite\/","name":"Informativa sulla privacy | Mochiri","isPartOf":{"@id":"https:\/\/mochiri.com\/#website"},"datePublished":"2022-06-14T15:33:29+00:00","dateModified":"2025-10-22T14:56:18+00:00","inLanguage":"it-IT","potentialAction":[{"@type":"ReadAction","target":["https:\/\/mochiri.com\/politique-de-confidentialite\/"]}]},{"@type":"WebSite","@id":"https:\/\/mochiri.com\/#website","url":"https:\/\/mochiri.com\/","name":"Mochiri","description":"Fornitore francese di mochi ghiacciati - Mochiri vi offre 14 mochi","potentialAction":[{"@type":"SearchAction","target":{"@type":"EntryPoint","urlTemplate":"https:\/\/mochiri.com\/?s={search_term_string}"},"query-input":{"@type":"PropertyValueSpecification","valueRequired":true,"valueName":"search_term_string"}}],"inLanguage":"it-IT"}]}},"_links":{"self":[{"href":"https:\/\/mochiri.com\/it\/wp-json\/wp\/v2\/pages\/3","targetHints":{"allow":["GET"]}}],"collection":[{"href":"https:\/\/mochiri.com\/it\/wp-json\/wp\/v2\/pages"}],"about":[{"href":"https:\/\/mochiri.com\/it\/wp-json\/wp\/v2\/types\/page"}],"author":[{"embeddable":true,"href":"https:\/\/mochiri.com\/it\/wp-json\/wp\/v2\/users\/2"}],"replies":[{"embeddable":true,"href":"https:\/\/mochiri.com\/it\/wp-json\/wp\/v2\/comments?post=3"}],"version-history":[{"count":0,"href":"https:\/\/mochiri.com\/it\/wp-json\/wp\/v2\/pages\/3\/revisions"}],"wp:attachment":[{"href":"https:\/\/mochiri.com\/it\/wp-json\/wp\/v2\/media?parent=3"}],"curies":[{"name":"wp","href":"https:\/\/api.w.org\/{rel}","templated":true}]}}