{"id":4848,"date":"2022-06-16T23:28:16","date_gmt":"2022-06-16T21:28:16","guid":{"rendered":"https:\/\/www.mochiri.com\/?page_id=4848"},"modified":"2022-06-29T19:10:47","modified_gmt":"2022-06-29T17:10:47","slug":"noticias-de-la-maquina-de-hielo-mochi","status":"publish","type":"page","link":"https:\/\/mochiri.com\/es\/fabricant-mochi-glace-actualites\/","title":{"rendered":"Prensa"},"content":{"rendered":"\n\n\n[et_pb_section fb_built=\u00a0\u00bb1&Prime; module_class=\u00a0\u00bbtitle_section\u00a0\u00bb _builder_version=\u00a0\u00bb4.17.4&Prime; _dynamic_attributes=\u00a0\u00bbbackground_image\u00a0\u00bb _module_preset=\u00a0\u00bbdefault\u00a0\u00bb background_image=\u00a0\u00bb@ET-DC@eyJkeW5hbWljIjp0cnVlLCJjb250ZW50IjoicG9zdF9mZWF0dXJlZF9pbWFnZSIsInNldHRpbmdzIjp7fX0=@\u00a0\u00bb global_module=\u00a0\u00bb4795&Prime; saved_tabs=\u00a0\u00bball\u00a0\u00bb global_colors_info=\u00a0\u00bb{}\u00a0\u00bb theme_builder_area=\u00a0\u00bbpost_content\u00a0\u00bb][et_pb_row _builder_version=\u00a0\u00bb4.17.4&Prime; _module_preset=\u00a0\u00bbdefault\u00a0\u00bb global_colors_info=\u00a0\u00bb{}\u00a0\u00bb theme_builder_area=\u00a0\u00bbpost_content\u00a0\u00bb][et_pb_column type=\u00a0\u00bb4_4&Prime; _builder_version=\u00a0\u00bb4.17.4&Prime; _module_preset=\u00a0\u00bbdefault\u00a0\u00bb background_color=\u00a0\u00bb#FFFFFF\u00a0\u00bb custom_padding=\u00a0\u00bb40px|40px|40px|40px|true|true\u00a0\u00bb global_colors_info=\u00a0\u00bb{}\u00a0\u00bb theme_builder_area=\u00a0\u00bbpost_content\u00a0\u00bb][et_pb_text _builder_version=\u00a0\u00bb4.17.4&Prime; _dynamic_attributes=\u00a0\u00bbcontent\u00a0\u00bb _module_preset=\u00a0\u00bbdefault\u00a0\u00bb global_colors_info=\u00a0\u00bb{}\u00a0\u00bb theme_builder_area=\u00a0\u00bbpost_content\u00a0\u00bb]@ET-DC@eyJkeW5hbWljIjp0cnVlLCJjb250ZW50IjoicG9zdF90aXRsZSIsInNldHRpbmdzIjp7ImJlZm9yZSI6IjxoMT4iLCJhZnRlciI6IjwvaDE+In19@[\/et_pb_text][et_pb_text _builder_version=\u00a0\u00bb4.17.4&Prime; _dynamic_attributes=\u00a0\u00bbcontent\u00a0\u00bb _module_preset=\u00a0\u00bbdefault\u00a0\u00bb global_colors_info=\u00a0\u00bb{}\u00a0\u00bb theme_builder_area=\u00a0\u00bbpost_content\u00a0\u00bb]@ET-DC@eyJkeW5hbWljIjp0cnVlLCJjb250ZW50IjoicG9zdF9leGNlcnB0Iiwic2V0dGluZ3MiOnsiYmVmb3JlIjoiPHA+IiwiYWZ0ZXIiOiI8L3A+Iiwid29yZHMiOiIxMDAwIiwicmVhZF9tb3JlX2xhYmVsIjoiIn19@[\/et_pb_text][\/et_pb_column][\/et_pb_row][\/et_pb_section][et_pb_section fb_built=\u00a0\u00bb1&Prime; _builder_version=\u00a0\u00bb4.17.4&Prime; _module_preset=\u00a0\u00bbdefault\u00a0\u00bb global_colors_info=\u00a0\u00bb{}\u00a0\u00bb theme_builder_area=\u00a0\u00bbpost_content\u00a0\u00bb][et_pb_row _builder_version=\u00a0\u00bb4.17.4&Prime; _module_preset=\u00a0\u00bbdefault\u00a0\u00bb global_colors_info=\u00a0\u00bb{}\u00a0\u00bb theme_builder_area=\u00a0\u00bbpost_content\u00a0\u00bb][et_pb_column type=\u00a0\u00bb4_4&Prime; _builder_version=\u00a0\u00bb4.17.4&Prime; _module_preset=\u00a0\u00bbdefault\u00a0\u00bb global_colors_info=\u00a0\u00bb{}\u00a0\u00bb theme_builder_area=\u00a0\u00bbpost_content\u00a0\u00bb][et_pb_code _builder_version=\u00a0\u00bb4.17.4&Prime; _module_preset=\u00a0\u00bbdefault\u00a0\u00bb global_colors_info=\u00a0\u00bb{}\u00a0\u00bb theme_builder_area=\u00a0\u00bbpost_content\u00a0\u00bb]<div class=\"list_post\">\n  \n  <\/div>\n[\/et_pb_code][\/et_pb_column][\/et_pb_row][\/et_pb_section]\n\n\n","protected":false},"excerpt":{"rendered":"<p>Est\u00e1n hablando de nosotros...<\/p>","protected":false},"author":2,"featured_media":4849,"parent":0,"menu_order":0,"comment_status":"closed","ping_status":"closed","template":"","meta":{"_acf_changed":false,"_et_pb_use_builder":"on","_et_pb_old_content":"","_et_gb_content_width":"","footnotes":""},"class_list":["post-4848","page","type-page","status-publish","has-post-thumbnail","hentry"],"acf":[],"yoast_head":"<!-- This site is optimized with the Yoast SEO plugin v27.2 - https:\/\/yoast.com\/product\/yoast-seo-wordpress\/ -->\n<title>Fabricant fran\u00e7ais de mochi glac\u00e9 - Actualit\u00e9s de Mochiri<\/title>\n<meta name=\"description\" content=\"D\u00e9couvrez les actualit\u00e9s de Mochiri, Fabricant fran\u00e7ais de mochi glac\u00e9. Mochiri propose ses mochis dans les plus grands restaurants fran\u00e7ais\" \/>\n<meta name=\"robots\" content=\"index, follow, max-snippet:-1, max-image-preview:large, max-video-preview:-1\" \/>\n<link rel=\"canonical\" href=\"https:\/\/mochiri.com\/es\/noticias-de-la-maquina-de-hielo-mochi\/\" \/>\n<meta property=\"og:locale\" content=\"es_ES\" \/>\n<meta property=\"og:type\" content=\"article\" \/>\n<meta property=\"og:title\" content=\"Fabricant fran\u00e7ais de mochi glac\u00e9 - Actualit\u00e9s de Mochiri\" \/>\n<meta property=\"og:description\" content=\"D\u00e9couvrez les actualit\u00e9s de Mochiri, Fabricant fran\u00e7ais de mochi glac\u00e9. Mochiri propose ses mochis dans les plus grands restaurants fran\u00e7ais\" \/>\n<meta property=\"og:url\" content=\"https:\/\/mochiri.com\/es\/noticias-de-la-maquina-de-hielo-mochi\/\" \/>\n<meta property=\"og:site_name\" content=\"Mochiri\" \/>\n<meta property=\"article:publisher\" content=\"https:\/\/www.facebook.com\/mochiri_officiel-475290816574792\/\" \/>\n<meta property=\"article:modified_time\" content=\"2022-06-29T17:10:47+00:00\" \/>\n<meta property=\"og:image\" content=\"https:\/\/mochiri.com\/wp-content\/uploads\/2022\/06\/actus.png\" \/>\n\t<meta property=\"og:image:width\" content=\"1440\" \/>\n\t<meta property=\"og:image:height\" content=\"926\" \/>\n\t<meta property=\"og:image:type\" content=\"image\/png\" \/>\n<meta name=\"twitter:card\" content=\"summary_large_image\" \/>\n<meta name=\"twitter:label1\" content=\"Tiempo de lectura\" \/>\n\t<meta name=\"twitter:data1\" content=\"1 minuto\" \/>\n<script type=\"application\/ld+json\" class=\"yoast-schema-graph\">{\"@context\":\"https:\/\/schema.org\",\"@graph\":[{\"@type\":\"WebPage\",\"@id\":\"https:\/\/mochiri.com\/fabricant-mochi-glace-actualites\/\",\"url\":\"https:\/\/mochiri.com\/fabricant-mochi-glace-actualites\/\",\"name\":\"Fabricant fran\u00e7ais de mochi glac\u00e9 - Actualit\u00e9s de Mochiri\",\"isPartOf\":{\"@id\":\"https:\/\/mochiri.com\/#website\"},\"primaryImageOfPage\":{\"@id\":\"https:\/\/mochiri.com\/fabricant-mochi-glace-actualites\/#primaryimage\"},\"image\":{\"@id\":\"https:\/\/mochiri.com\/fabricant-mochi-glace-actualites\/#primaryimage\"},\"thumbnailUrl\":\"https:\/\/mochiri.com\/wp-content\/uploads\/2022\/06\/actus.png\",\"datePublished\":\"2022-06-16T21:28:16+00:00\",\"dateModified\":\"2022-06-29T17:10:47+00:00\",\"description\":\"D\u00e9couvrez les actualit\u00e9s de Mochiri, Fabricant fran\u00e7ais de mochi glac\u00e9. Mochiri propose ses mochis dans les plus grands restaurants fran\u00e7ais\",\"inLanguage\":\"es\",\"potentialAction\":[{\"@type\":\"ReadAction\",\"target\":[\"https:\/\/mochiri.com\/fabricant-mochi-glace-actualites\/\"]}]},{\"@type\":\"ImageObject\",\"inLanguage\":\"es\",\"@id\":\"https:\/\/mochiri.com\/fabricant-mochi-glace-actualites\/#primaryimage\",\"url\":\"https:\/\/mochiri.com\/wp-content\/uploads\/2022\/06\/actus.png\",\"contentUrl\":\"https:\/\/mochiri.com\/wp-content\/uploads\/2022\/06\/actus.png\",\"width\":1440,\"height\":926,\"caption\":\"Mochi glac\u00e9 fraise\"},{\"@type\":\"WebSite\",\"@id\":\"https:\/\/mochiri.com\/#website\",\"url\":\"https:\/\/mochiri.com\/\",\"name\":\"Mochiri\",\"description\":\"Fournisseur fran\u00e7ais de mochi glac\u00e9 - Mochiri vous propose 14 mochis glac\u00e9s\",\"potentialAction\":[{\"@type\":\"SearchAction\",\"target\":{\"@type\":\"EntryPoint\",\"urlTemplate\":\"https:\/\/mochiri.com\/?s={search_term_string}\"},\"query-input\":{\"@type\":\"PropertyValueSpecification\",\"valueRequired\":true,\"valueName\":\"search_term_string\"}}],\"inLanguage\":\"es\"}]}<\/script>\n<!-- \/ Yoast SEO plugin. -->","yoast_head_json":{"title":"Fabricante franc\u00e9s de mochi helado - Noticias de Mochiri","description":"Descubra las \u00faltimas noticias sobre Mochiri, el fabricante franc\u00e9s de mochi helado. Mochiri ofrece su mochi en algunos de los mejores restaurantes de Francia.","robots":{"index":"index","follow":"follow","max-snippet":"max-snippet:-1","max-image-preview":"max-image-preview:large","max-video-preview":"max-video-preview:-1"},"canonical":"https:\/\/mochiri.com\/es\/noticias-de-la-maquina-de-hielo-mochi\/","og_locale":"es_ES","og_type":"article","og_title":"Fabricant fran\u00e7ais de mochi glac\u00e9 - Actualit\u00e9s de Mochiri","og_description":"D\u00e9couvrez les actualit\u00e9s de Mochiri, Fabricant fran\u00e7ais de mochi glac\u00e9. Mochiri propose ses mochis dans les plus grands restaurants fran\u00e7ais","og_url":"https:\/\/mochiri.com\/es\/noticias-de-la-maquina-de-hielo-mochi\/","og_site_name":"Mochiri","article_publisher":"https:\/\/www.facebook.com\/mochiri_officiel-475290816574792\/","article_modified_time":"2022-06-29T17:10:47+00:00","og_image":[{"width":1440,"height":926,"url":"https:\/\/mochiri.com\/wp-content\/uploads\/2022\/06\/actus.png","type":"image\/png"}],"twitter_card":"summary_large_image","twitter_misc":{"Tiempo de lectura":"1 minuto"},"schema":{"@context":"https:\/\/schema.org","@graph":[{"@type":"WebPage","@id":"https:\/\/mochiri.com\/fabricant-mochi-glace-actualites\/","url":"https:\/\/mochiri.com\/fabricant-mochi-glace-actualites\/","name":"Fabricante franc\u00e9s de mochi helado - Noticias de Mochiri","isPartOf":{"@id":"https:\/\/mochiri.com\/#website"},"primaryImageOfPage":{"@id":"https:\/\/mochiri.com\/fabricant-mochi-glace-actualites\/#primaryimage"},"image":{"@id":"https:\/\/mochiri.com\/fabricant-mochi-glace-actualites\/#primaryimage"},"thumbnailUrl":"https:\/\/mochiri.com\/wp-content\/uploads\/2022\/06\/actus.png","datePublished":"2022-06-16T21:28:16+00:00","dateModified":"2022-06-29T17:10:47+00:00","description":"Descubra las \u00faltimas noticias sobre Mochiri, el fabricante franc\u00e9s de mochi helado. Mochiri ofrece su mochi en algunos de los mejores restaurantes de Francia.","inLanguage":"es","potentialAction":[{"@type":"ReadAction","target":["https:\/\/mochiri.com\/fabricant-mochi-glace-actualites\/"]}]},{"@type":"ImageObject","inLanguage":"es","@id":"https:\/\/mochiri.com\/fabricant-mochi-glace-actualites\/#primaryimage","url":"https:\/\/mochiri.com\/wp-content\/uploads\/2022\/06\/actus.png","contentUrl":"https:\/\/mochiri.com\/wp-content\/uploads\/2022\/06\/actus.png","width":1440,"height":926,"caption":"Mochi glac\u00e9 fraise"},{"@type":"WebSite","@id":"https:\/\/mochiri.com\/#website","url":"https:\/\/mochiri.com\/","name":"Mochiri","description":"Proveedor franc\u00e9s de mochi helado - Mochiri le ofrece 14 mochis","potentialAction":[{"@type":"SearchAction","target":{"@type":"EntryPoint","urlTemplate":"https:\/\/mochiri.com\/?s={search_term_string}"},"query-input":{"@type":"PropertyValueSpecification","valueRequired":true,"valueName":"search_term_string"}}],"inLanguage":"es"}]}},"_links":{"self":[{"href":"https:\/\/mochiri.com\/es\/wp-json\/wp\/v2\/pages\/4848","targetHints":{"allow":["GET"]}}],"collection":[{"href":"https:\/\/mochiri.com\/es\/wp-json\/wp\/v2\/pages"}],"about":[{"href":"https:\/\/mochiri.com\/es\/wp-json\/wp\/v2\/types\/page"}],"author":[{"embeddable":true,"href":"https:\/\/mochiri.com\/es\/wp-json\/wp\/v2\/users\/2"}],"replies":[{"embeddable":true,"href":"https:\/\/mochiri.com\/es\/wp-json\/wp\/v2\/comments?post=4848"}],"version-history":[{"count":0,"href":"https:\/\/mochiri.com\/es\/wp-json\/wp\/v2\/pages\/4848\/revisions"}],"wp:featuredmedia":[{"embeddable":true,"href":"https:\/\/mochiri.com\/es\/wp-json\/wp\/v2\/media\/4849"}],"wp:attachment":[{"href":"https:\/\/mochiri.com\/es\/wp-json\/wp\/v2\/media?parent=4848"}],"curies":[{"name":"wp","href":"https:\/\/api.w.org\/{rel}","templated":true}]}}