{"id":4832,"date":"2022-06-16T23:03:19","date_gmt":"2022-06-16T21:03:19","guid":{"rendered":"https:\/\/www.mochiri.com\/?page_id=4832"},"modified":"2025-10-09T10:32:00","modified_gmt":"2025-10-09T08:32:00","slug":"heladero-frances","status":"publish","type":"page","link":"https:\/\/mochiri.com\/es\/fabricant-francais-de-mochi-glace\/","title":{"rendered":"El universo Mochiri"},"content":{"rendered":"<p>[et_pb_section fb_built=\u00a0\u00bb1&Prime; module_class=\u00a0\u00bbtitle_section\u00a0\u00bb _builder_version=\u00a0\u00bb4.17.4&Prime; _dynamic_attributes=\u00a0\u00bbbackground_image\u00a0\u00bb _module_preset=\u00a0\u00bbdefault\u00a0\u00bb background_image=\u00a0\u00bbhttps:\/\/mochiri.com\/wp-content\/uploads\/2022\/07\/2U8A3619-scaled.jpg\u00a0\u00bb global_module=\u00a0\u00bb4795&Prime; saved_tabs=\u00a0\u00bball\u00a0\u00bb global_colors_info=\u00a0\u00bb{}\u00a0\u00bb][et_pb_row _builder_version=\u00a0\u00bb4.17.4&Prime; _module_preset=\u00a0\u00bbdefault\u00a0\u00bb global_colors_info=\u00a0\u00bb{}\u00a0\u00bb][et_pb_column type=\u00a0\u00bb4_4&Prime; _builder_version=\u00a0\u00bb4.17.4&Prime; _module_preset=\u00a0\u00bbdefault\u00a0\u00bb background_color=\u00a0\u00bb#FFFFFF\u00a0\u00bb custom_padding=\u00a0\u00bb40px|40px|40px|40px|true|true\u00a0\u00bb custom_padding_tablet=\u00a0\u00bb\u00a0\u00bb custom_padding_phone=\u00a0\u00bb|20px||20px|true|true\u00a0\u00bb custom_padding_last_edited=\u00a0\u00bbon|phone\u00a0\u00bb global_colors_info=\u00a0\u00bb{}\u00a0\u00bb][et_pb_text _builder_version=\u00a0\u00bb4.17.4&Prime; _dynamic_attributes=\u00a0\u00bbcontent\u00a0\u00bb _module_preset=\u00a0\u00bbdefault\u00a0\u00bb global_colors_info=\u00a0\u00bb{}\u00a0\u00bb]@ET-DC@eyJkeW5hbWljIjp0cnVlLCJjb250ZW50IjoicG9zdF90aXRsZSIsInNldHRpbmdzIjp7ImJlZm9yZSI6IjxoMT4iLCJhZnRlciI6IjwvaDE+In19@[\/et_pb_text][et_pb_text _builder_version=\u00a0\u00bb4.17.4&Prime; _module_preset=\u00a0\u00bbdefault\u00a0\u00bb global_colors_info=\u00a0\u00bb{}\u00a0\u00bb]<\/p>\n<p>Un Mochi presque parfait ? Mochiri l&rsquo;a fait !<\/p>\n<p>Une glace compacte, des saveurs d\u00e9cupl\u00e9es, une tenue parfaite&#8230; Vous les avez test\u00e9 ?<\/p>\n<p>[\/et_pb_text][\/et_pb_column][\/et_pb_row][\/et_pb_section][et_pb_section fb_built=\u00a0\u00bb1&Prime; module_class=\u00a0\u00bbblc_un\u00a0\u00bb _builder_version=\u00a0\u00bb4.17.4&Prime; _module_preset=\u00a0\u00bbdefault\u00a0\u00bb animation_style=\u00a0\u00bbslide\u00a0\u00bb animation_direction=\u00a0\u00bbbottom\u00a0\u00bb animation_intensity_slide=\u00a0\u00bb5%\u00a0\u00bb global_colors_info=\u00a0\u00bb{}\u00a0\u00bb][et_pb_row column_structure=\u00a0\u00bb1_2,1_2&Prime; use_custom_gutter=\u00a0\u00bbon\u00a0\u00bb gutter_width=\u00a0\u00bb1&Prime; make_equal=\u00a0\u00bbon\u00a0\u00bb module_class=\u00a0\u00bbright_content\u00a0\u00bb _builder_version=\u00a0\u00bb4.27.4&Prime; _module_preset=\u00a0\u00bbdefault\u00a0\u00bb hover_enabled=\u00a0\u00bb0&Prime; global_colors_info=\u00a0\u00bb{}\u00a0\u00bb sticky_enabled=\u00a0\u00bb0&Prime;][et_pb_column type=\u00a0\u00bb1_2&Prime; _builder_version=\u00a0\u00bb4.27.4&Prime; _module_preset=\u00a0\u00bbdefault\u00a0\u00bb background_image=\u00a0\u00bbhttps:\/\/mochiri.com\/wp-content\/uploads\/2022\/06\/FULLHD-RVB-01.png\u00a0\u00bb hover_enabled=\u00a0\u00bb0&Prime; global_colors_info=\u00a0\u00bb{}\u00a0\u00bb alt=\u00a0\u00bbMochi s\u00e9same noir\u00a0\u00bb title_text=\u00a0\u00bbMochi glac\u00e9 s\u00e9samoi noir\u00a0\u00bb sticky_enabled=\u00a0\u00bb0&Prime;][et_pb_divider show_divider=\u00a0\u00bboff\u00a0\u00bb _builder_version=\u00a0\u00bb4.17.4&Prime; _module_preset=\u00a0\u00bbdefault\u00a0\u00bb min_height=\u00a0\u00bb200px\u00a0\u00bb global_colors_info=\u00a0\u00bb{}\u00a0\u00bb][\/et_pb_divider][\/et_pb_column][et_pb_column type=\u00a0\u00bb1_2&Prime; _builder_version=\u00a0\u00bb4.17.4&Prime; _module_preset=\u00a0\u00bbdefault\u00a0\u00bb global_colors_info=\u00a0\u00bb{}\u00a0\u00bb][et_pb_text _builder_version=\u00a0\u00bb4.17.4&Prime; _module_preset=\u00a0\u00bbdefault\u00a0\u00bb background_color=\u00a0\u00bb#FFFFFF\u00a0\u00bb custom_padding=\u00a0\u00bb||||true|true\u00a0\u00bb global_colors_info=\u00a0\u00bb{}\u00a0\u00bb]<\/p>\n<h3>Un projet<\/h3>\n<p>En 2015, Julien &amp; Jonathan effectuent une formation de p\u00e2tissier glacier au c\u00f4t\u00e9 d\u2019un grand chef Vauclusien.<\/p>\n<p>En 2016, ils partent en Asie pour se perfectionner dans la p\u00e2tisserie traditionnelle asiatique.<\/p>\n<p>Pour ce faire, le respect du go\u00fbt et la qualit\u00e9 sont rest\u00e9s une priorit\u00e9 \u00e0 travers la s\u00e9lection rigoureuse des ingr\u00e9dients et le recrutement de p\u00e2tissiers qualifi\u00e9s.<\/p>\n<p>Associ\u00e9 \u00e0 une expertise industrielle, Mochiri a r\u00e9ussi le pari de fabriquer des mochis glac\u00e9s tout en respectant la tradition de la p\u00e2te de riz soyeuse et le savoir-faire glacier fran\u00e7ais.<\/p>\n<p>[\/et_pb_text][\/et_pb_column][\/et_pb_row][\/et_pb_section][et_pb_section fb_built=\u00a0\u00bb1&Prime; module_class=\u00a0\u00bbblc_un\u00a0\u00bb _builder_version=\u00a0\u00bb4.17.4&Prime; _module_preset=\u00a0\u00bbdefault\u00a0\u00bb custom_margin=\u00a0\u00bb100px||0px||false|false\u00a0\u00bb custom_margin_tablet=\u00a0\u00bb100px||0px||false|false\u00a0\u00bb custom_margin_phone=\u00a0\u00bb0px||||false|false\u00a0\u00bb custom_margin_last_edited=\u00a0\u00bbon|phone\u00a0\u00bb animation_style=\u00a0\u00bbslide\u00a0\u00bb animation_direction=\u00a0\u00bbbottom\u00a0\u00bb animation_intensity_slide=\u00a0\u00bb5%\u00a0\u00bb global_colors_info=\u00a0\u00bb{}\u00a0\u00bb][et_pb_row column_structure=\u00a0\u00bb1_2,1_2&Prime; use_custom_gutter=\u00a0\u00bbon\u00a0\u00bb gutter_width=\u00a0\u00bb1&Prime; make_equal=\u00a0\u00bbon\u00a0\u00bb module_class=\u00a0\u00bbleft_content\u00a0\u00bb _builder_version=\u00a0\u00bb4.17.4&Prime; _module_preset=\u00a0\u00bbdefault\u00a0\u00bb global_colors_info=\u00a0\u00bb{}\u00a0\u00bb][et_pb_column type=\u00a0\u00bb1_2&Prime; _builder_version=\u00a0\u00bb4.17.4&Prime; _module_preset=\u00a0\u00bbdefault\u00a0\u00bb global_colors_info=\u00a0\u00bb{}\u00a0\u00bb][et_pb_text _builder_version=\u00a0\u00bb4.17.4&Prime; _module_preset=\u00a0\u00bbdefault\u00a0\u00bb background_color=\u00a0\u00bb#FFFFFF\u00a0\u00bb custom_padding=\u00a0\u00bb||||true|true\u00a0\u00bb global_colors_info=\u00a0\u00bb{}\u00a0\u00bb]<\/p>\n<h3>Nos locaux<\/h3>\n<p>Le Groupe So Mochi, fabricant fran\u00e7ais de mochi glac\u00e9 est un acteur reconnu sur le march\u00e9 des Mochis glac\u00e9s haut de gamme en France et \u00e0 l\u2019\u00e9tranger.<\/p>\n<p>Mochiri est une usine de production situ\u00e9e \u00e0 Aire sur La Lys, disposant des derni\u00e8res machines pour l\u2019\u00e9laboration de ses 14 parfums de mochis glac\u00e9s.<\/p>\n<p>[\/et_pb_text][\/et_pb_column][et_pb_column type=\u00a0\u00bb1_2&Prime; _builder_version=\u00a0\u00bb4.17.4&Prime; _module_preset=\u00a0\u00bbdefault\u00a0\u00bb background_image=\u00a0\u00bbhttps:\/\/www.mochiri.com\/wp-content\/uploads\/2022\/06\/vlcsnap-2022-05-06-14h13m24s945.png\u00a0\u00bb hover_enabled=\u00a0\u00bb0&Prime; global_colors_info=\u00a0\u00bb{}\u00a0\u00bb sticky_enabled=\u00a0\u00bb0&Prime;][et_pb_divider show_divider=\u00a0\u00bboff\u00a0\u00bb _builder_version=\u00a0\u00bb4.17.4&Prime; _module_preset=\u00a0\u00bbdefault\u00a0\u00bb min_height=\u00a0\u00bb200px\u00a0\u00bb hover_enabled=\u00a0\u00bb0&Prime; global_colors_info=\u00a0\u00bb{}\u00a0\u00bb sticky_enabled=\u00a0\u00bb0&Prime;][\/et_pb_divider][\/et_pb_column][\/et_pb_row][\/et_pb_section][et_pb_section fb_built=\u00a0\u00bb1&Prime; module_class=\u00a0\u00bbblc_un\u00a0\u00bb _builder_version=\u00a0\u00bb4.17.4&Prime; _module_preset=\u00a0\u00bbdefault\u00a0\u00bb custom_margin=\u00a0\u00bb100px||0px||false|false\u00a0\u00bb custom_margin_tablet=\u00a0\u00bb100px||0px||false|false\u00a0\u00bb custom_margin_phone=\u00a0\u00bb0px||||false|false\u00a0\u00bb custom_margin_last_edited=\u00a0\u00bbon|phone\u00a0\u00bb animation_style=\u00a0\u00bbslide\u00a0\u00bb animation_direction=\u00a0\u00bbbottom\u00a0\u00bb animation_intensity_slide=\u00a0\u00bb5%\u00a0\u00bb global_colors_info=\u00a0\u00bb{}\u00a0\u00bb][et_pb_row column_structure=\u00a0\u00bb1_2,1_2&Prime; use_custom_gutter=\u00a0\u00bbon\u00a0\u00bb gutter_width=\u00a0\u00bb1&Prime; make_equal=\u00a0\u00bbon\u00a0\u00bb module_class=\u00a0\u00bbright_content\u00a0\u00bb _builder_version=\u00a0\u00bb4.17.4&Prime; _module_preset=\u00a0\u00bbdefault\u00a0\u00bb global_colors_info=\u00a0\u00bb{}\u00a0\u00bb][et_pb_column type=\u00a0\u00bb1_2&Prime; _builder_version=\u00a0\u00bb4.17.4&Prime; _module_preset=\u00a0\u00bbdefault\u00a0\u00bb background_image=\u00a0\u00bbhttps:\/\/www.mochiri.com\/wp-content\/uploads\/2022\/06\/vlcsnap-2022-05-06-14h13m55s245.png\u00a0\u00bb global_colors_info=\u00a0\u00bb{}\u00a0\u00bb][et_pb_divider show_divider=\u00a0\u00bboff\u00a0\u00bb _builder_version=\u00a0\u00bb4.17.4&Prime; _module_preset=\u00a0\u00bbdefault\u00a0\u00bb min_height=\u00a0\u00bb200px\u00a0\u00bb global_colors_info=\u00a0\u00bb{}\u00a0\u00bb][\/et_pb_divider][\/et_pb_column][et_pb_column type=\u00a0\u00bb1_2&Prime; _builder_version=\u00a0\u00bb4.17.4&Prime; _module_preset=\u00a0\u00bbdefault\u00a0\u00bb global_colors_info=\u00a0\u00bb{}\u00a0\u00bb][et_pb_text _builder_version=\u00a0\u00bb4.17.4&Prime; _module_preset=\u00a0\u00bbdefault\u00a0\u00bb background_color=\u00a0\u00bb#FFFFFF\u00a0\u00bb custom_padding=\u00a0\u00bb||||true|true\u00a0\u00bb global_colors_info=\u00a0\u00bb{}\u00a0\u00bb]<\/p>\n<h3>La fabrication<\/h3>\n<p>Notre p\u00e2te de riz est fabriqu\u00e9e avec un m\u00e9lange de plusieurs farines de riz d\u00e9licatement s\u00e9lectionn\u00e9es, dans le but d\u2019obtenir un \u00e9quilibre parfait et une p\u00e2te soyeuse.<\/p>\n<p>Toutes nos glaces sont cr\u00e9\u00e9es dans notre laboratoire par un ma\u00eetre glacier. Ce sont 14 parfums garantis sans colorant artificiel, sans gluten et 100% artisanal.Ces ingr\u00e9dients simples sont attentivement s\u00e9lectionn\u00e9s afin de pr\u00e9server l\u2019intensit\u00e9 du go\u00fbt.<\/p>\n<p>[\/et_pb_text][\/et_pb_column][\/et_pb_row][\/et_pb_section]<\/p>\n","protected":false},"excerpt":{"rendered":"<p>Mochiri, el fabricante franc\u00e9s de mochi helado, fue creado por dos entusiastas de la comida japonesa, Julien y Jonathan.<\/p>\n<p>Ambos a\u00fanan sus dotes empresariales y su experiencia de la cultura asi\u00e1tica.<\/p>\n<p>En 2017, fundaron Mochiri, la primera planta de fabricaci\u00f3n francesa dedicada al mochi helado, y r\u00e1pidamente se convirtieron en reconocidos fabricantes de mochi helado.<\/p>","protected":false},"author":2,"featured_media":7897,"parent":0,"menu_order":0,"comment_status":"closed","ping_status":"closed","template":"","meta":{"_acf_changed":false,"_et_pb_use_builder":"on","_et_pb_old_content":"","_et_gb_content_width":"","footnotes":""},"class_list":["post-4832","page","type-page","status-publish","has-post-thumbnail","hentry"],"acf":[],"yoast_head":"<!-- This site is optimized with the Yoast SEO plugin v27.2 - https:\/\/yoast.com\/product\/yoast-seo-wordpress\/ -->\n<title>Fabricant fran\u00e7ais de mochi glac\u00e9 - Pr\u00e9sentation de Mochiri<\/title>\n<meta name=\"description\" content=\"Mochiri, fabricant fran\u00e7ais de mochi glac\u00e9 est une entreprise fran\u00e7aise qui sublime les mochis glac\u00e9s. D\u00e9couvrez les 14 parfums propos\u00e9s.\" \/>\n<meta name=\"robots\" content=\"index, follow, max-snippet:-1, max-image-preview:large, max-video-preview:-1\" \/>\n<link rel=\"canonical\" href=\"https:\/\/mochiri.com\/es\/heladero-frances\/\" \/>\n<meta property=\"og:locale\" content=\"es_ES\" \/>\n<meta property=\"og:type\" content=\"article\" \/>\n<meta property=\"og:title\" content=\"Fabricant fran\u00e7ais de mochi glac\u00e9 - Pr\u00e9sentation de Mochiri\" \/>\n<meta property=\"og:description\" content=\"Mochiri, fabricant fran\u00e7ais de mochi glac\u00e9 est une entreprise fran\u00e7aise qui sublime les mochis glac\u00e9s. D\u00e9couvrez les 14 parfums propos\u00e9s.\" \/>\n<meta property=\"og:url\" content=\"https:\/\/mochiri.com\/es\/heladero-frances\/\" \/>\n<meta property=\"og:site_name\" content=\"Mochiri\" \/>\n<meta property=\"article:publisher\" content=\"https:\/\/www.facebook.com\/mochiri_officiel-475290816574792\/\" \/>\n<meta property=\"article:modified_time\" content=\"2025-10-09T08:32:00+00:00\" \/>\n<meta property=\"og:image\" content=\"https:\/\/mochiri.com\/wp-content\/uploads\/2024\/04\/INSTAGRAM14-01.jpg\" \/>\n\t<meta property=\"og:image:width\" content=\"1080\" \/>\n\t<meta property=\"og:image:height\" content=\"1397\" \/>\n\t<meta property=\"og:image:type\" content=\"image\/jpeg\" \/>\n<meta name=\"twitter:card\" content=\"summary_large_image\" \/>\n<meta name=\"twitter:label1\" content=\"Tiempo de lectura\" \/>\n\t<meta name=\"twitter:data1\" content=\"2 minutos\" \/>\n<script type=\"application\/ld+json\" class=\"yoast-schema-graph\">{\"@context\":\"https:\/\/schema.org\",\"@graph\":[{\"@type\":\"WebPage\",\"@id\":\"https:\/\/mochiri.com\/fr_fr\/fabricant-francais-de-mochi-glace\/\",\"url\":\"https:\/\/mochiri.com\/fr_fr\/fabricant-francais-de-mochi-glace\/\",\"name\":\"Fabricant fran\u00e7ais de mochi glac\u00e9 - Pr\u00e9sentation de Mochiri\",\"isPartOf\":{\"@id\":\"https:\/\/mochiri.com\/#website\"},\"primaryImageOfPage\":{\"@id\":\"https:\/\/mochiri.com\/fr_fr\/fabricant-francais-de-mochi-glace\/#primaryimage\"},\"image\":{\"@id\":\"https:\/\/mochiri.com\/fr_fr\/fabricant-francais-de-mochi-glace\/#primaryimage\"},\"thumbnailUrl\":\"https:\/\/mochiri.com\/wp-content\/uploads\/2024\/04\/INSTAGRAM14-01.jpg\",\"datePublished\":\"2022-06-16T21:03:19+00:00\",\"dateModified\":\"2025-10-09T08:32:00+00:00\",\"description\":\"Mochiri, fabricant fran\u00e7ais de mochi glac\u00e9 est une entreprise fran\u00e7aise qui sublime les mochis glac\u00e9s. D\u00e9couvrez les 14 parfums propos\u00e9s.\",\"inLanguage\":\"es\",\"potentialAction\":[{\"@type\":\"ReadAction\",\"target\":[\"https:\/\/mochiri.com\/fr_fr\/fabricant-francais-de-mochi-glace\/\"]}]},{\"@type\":\"ImageObject\",\"inLanguage\":\"es\",\"@id\":\"https:\/\/mochiri.com\/fr_fr\/fabricant-francais-de-mochi-glace\/#primaryimage\",\"url\":\"https:\/\/mochiri.com\/wp-content\/uploads\/2024\/04\/INSTAGRAM14-01.jpg\",\"contentUrl\":\"https:\/\/mochiri.com\/wp-content\/uploads\/2024\/04\/INSTAGRAM14-01.jpg\",\"width\":1080,\"height\":1397,\"caption\":\"Mise en sc\u00e8ne de plusieurs mochis glac\u00e9s\"},{\"@type\":\"WebSite\",\"@id\":\"https:\/\/mochiri.com\/#website\",\"url\":\"https:\/\/mochiri.com\/\",\"name\":\"Mochiri\",\"description\":\"Fournisseur fran\u00e7ais de mochi glac\u00e9 - Mochiri vous propose 14 mochis glac\u00e9s\",\"potentialAction\":[{\"@type\":\"SearchAction\",\"target\":{\"@type\":\"EntryPoint\",\"urlTemplate\":\"https:\/\/mochiri.com\/?s={search_term_string}\"},\"query-input\":{\"@type\":\"PropertyValueSpecification\",\"valueRequired\":true,\"valueName\":\"search_term_string\"}}],\"inLanguage\":\"es\"}]}<\/script>\n<!-- \/ Yoast SEO plugin. -->","yoast_head_json":{"title":"Fabricante franc\u00e9s de mochi helado - Presentaci\u00f3n de Mochiri","description":"Mochiri, el fabricante franc\u00e9s de mochi helado, es una empresa francesa que hace que el mochi helado sea sublime. Descubra los 14 sabores que ofrece.","robots":{"index":"index","follow":"follow","max-snippet":"max-snippet:-1","max-image-preview":"max-image-preview:large","max-video-preview":"max-video-preview:-1"},"canonical":"https:\/\/mochiri.com\/es\/heladero-frances\/","og_locale":"es_ES","og_type":"article","og_title":"Fabricant fran\u00e7ais de mochi glac\u00e9 - Pr\u00e9sentation de Mochiri","og_description":"Mochiri, fabricant fran\u00e7ais de mochi glac\u00e9 est une entreprise fran\u00e7aise qui sublime les mochis glac\u00e9s. D\u00e9couvrez les 14 parfums propos\u00e9s.","og_url":"https:\/\/mochiri.com\/es\/heladero-frances\/","og_site_name":"Mochiri","article_publisher":"https:\/\/www.facebook.com\/mochiri_officiel-475290816574792\/","article_modified_time":"2025-10-09T08:32:00+00:00","og_image":[{"width":1080,"height":1397,"url":"https:\/\/mochiri.com\/wp-content\/uploads\/2024\/04\/INSTAGRAM14-01.jpg","type":"image\/jpeg"}],"twitter_card":"summary_large_image","twitter_misc":{"Tiempo de lectura":"2 minutos"},"schema":{"@context":"https:\/\/schema.org","@graph":[{"@type":"WebPage","@id":"https:\/\/mochiri.com\/fr_fr\/fabricant-francais-de-mochi-glace\/","url":"https:\/\/mochiri.com\/fr_fr\/fabricant-francais-de-mochi-glace\/","name":"Fabricante franc\u00e9s de mochi helado - Presentaci\u00f3n de Mochiri","isPartOf":{"@id":"https:\/\/mochiri.com\/#website"},"primaryImageOfPage":{"@id":"https:\/\/mochiri.com\/fr_fr\/fabricant-francais-de-mochi-glace\/#primaryimage"},"image":{"@id":"https:\/\/mochiri.com\/fr_fr\/fabricant-francais-de-mochi-glace\/#primaryimage"},"thumbnailUrl":"https:\/\/mochiri.com\/wp-content\/uploads\/2024\/04\/INSTAGRAM14-01.jpg","datePublished":"2022-06-16T21:03:19+00:00","dateModified":"2025-10-09T08:32:00+00:00","description":"Mochiri, el fabricante franc\u00e9s de mochi helado, es una empresa francesa que hace que el mochi helado sea sublime. Descubra los 14 sabores que ofrece.","inLanguage":"es","potentialAction":[{"@type":"ReadAction","target":["https:\/\/mochiri.com\/fr_fr\/fabricant-francais-de-mochi-glace\/"]}]},{"@type":"ImageObject","inLanguage":"es","@id":"https:\/\/mochiri.com\/fr_fr\/fabricant-francais-de-mochi-glace\/#primaryimage","url":"https:\/\/mochiri.com\/wp-content\/uploads\/2024\/04\/INSTAGRAM14-01.jpg","contentUrl":"https:\/\/mochiri.com\/wp-content\/uploads\/2024\/04\/INSTAGRAM14-01.jpg","width":1080,"height":1397,"caption":"Mise en sc\u00e8ne de plusieurs mochis glac\u00e9s"},{"@type":"WebSite","@id":"https:\/\/mochiri.com\/#website","url":"https:\/\/mochiri.com\/","name":"Mochiri","description":"Proveedor franc\u00e9s de mochi helado - Mochiri le ofrece 14 mochis","potentialAction":[{"@type":"SearchAction","target":{"@type":"EntryPoint","urlTemplate":"https:\/\/mochiri.com\/?s={search_term_string}"},"query-input":{"@type":"PropertyValueSpecification","valueRequired":true,"valueName":"search_term_string"}}],"inLanguage":"es"}]}},"_links":{"self":[{"href":"https:\/\/mochiri.com\/es\/wp-json\/wp\/v2\/pages\/4832","targetHints":{"allow":["GET"]}}],"collection":[{"href":"https:\/\/mochiri.com\/es\/wp-json\/wp\/v2\/pages"}],"about":[{"href":"https:\/\/mochiri.com\/es\/wp-json\/wp\/v2\/types\/page"}],"author":[{"embeddable":true,"href":"https:\/\/mochiri.com\/es\/wp-json\/wp\/v2\/users\/2"}],"replies":[{"embeddable":true,"href":"https:\/\/mochiri.com\/es\/wp-json\/wp\/v2\/comments?post=4832"}],"version-history":[{"count":0,"href":"https:\/\/mochiri.com\/es\/wp-json\/wp\/v2\/pages\/4832\/revisions"}],"wp:featuredmedia":[{"embeddable":true,"href":"https:\/\/mochiri.com\/es\/wp-json\/wp\/v2\/media\/7897"}],"wp:attachment":[{"href":"https:\/\/mochiri.com\/es\/wp-json\/wp\/v2\/media?parent=4832"}],"curies":[{"name":"wp","href":"https:\/\/api.w.org\/{rel}","templated":true}]}}