{"id":4928,"date":"2022-06-21T19:46:48","date_gmt":"2022-06-21T17:46:48","guid":{"rendered":"https:\/\/www.mochiri.com\/?page_id=4928"},"modified":"2022-07-19T10:57:32","modified_gmt":"2022-07-19T08:57:32","slug":"events-with-mochiri-ice-maker","status":"publish","type":"page","link":"https:\/\/mochiri.com\/en\/evenements-avec-mochiri-founisseur-de-mochi-glace\/","title":{"rendered":"Event"},"content":{"rendered":"<p>[et_pb_section fb_built=\u00a0\u00bb1&Prime; module_class=\u00a0\u00bbtitle_section\u00a0\u00bb _builder_version=\u00a0\u00bb4.17.4&Prime; _dynamic_attributes=\u00a0\u00bbbackground_image\u00a0\u00bb _module_preset=\u00a0\u00bbdefault\u00a0\u00bb background_image=\u00a0\u00bb@ET-DC@eyJkeW5hbWljIjp0cnVlLCJjb250ZW50IjoicG9zdF9mZWF0dXJlZF9pbWFnZSIsInNldHRpbmdzIjp7fX0=@\u00a0\u00bb global_module=\u00a0\u00bb4795&Prime; saved_tabs=\u00a0\u00bball\u00a0\u00bb global_colors_info=\u00a0\u00bb{}\u00a0\u00bb][et_pb_row _builder_version=\u00a0\u00bb4.17.4&Prime; _module_preset=\u00a0\u00bbdefault\u00a0\u00bb global_colors_info=\u00a0\u00bb{}\u00a0\u00bb][et_pb_column type=\u00a0\u00bb4_4&Prime; _builder_version=\u00a0\u00bb4.17.4&Prime; _module_preset=\u00a0\u00bbdefault\u00a0\u00bb background_color=\u00a0\u00bb#FFFFFF\u00a0\u00bb custom_padding=\u00a0\u00bb40px|40px|40px|40px|true|true\u00a0\u00bb custom_padding_tablet=\u00a0\u00bb\u00a0\u00bb custom_padding_phone=\u00a0\u00bb|20px||20px|true|true\u00a0\u00bb custom_padding_last_edited=\u00a0\u00bbon|phone\u00a0\u00bb global_colors_info=\u00a0\u00bb{}\u00a0\u00bb][et_pb_text _builder_version=\u00a0\u00bb4.17.4&Prime; _dynamic_attributes=\u00a0\u00bbcontent\u00a0\u00bb _module_preset=\u00a0\u00bbdefault\u00a0\u00bb global_colors_info=\u00a0\u00bb{}\u00a0\u00bb]@ET-DC@eyJkeW5hbWljIjp0cnVlLCJjb250ZW50IjoicG9zdF90aXRsZSIsInNldHRpbmdzIjp7ImJlZm9yZSI6IjxoMT4iLCJhZnRlciI6IjwvaDE+In19@[\/et_pb_text][et_pb_text _builder_version=\u00a0\u00bb4.17.4&Prime; _dynamic_attributes=\u00a0\u00bbcontent\u00a0\u00bb _module_preset=\u00a0\u00bbdefault\u00a0\u00bb global_colors_info=\u00a0\u00bb{}\u00a0\u00bb]@ET-DC@eyJkeW5hbWljIjp0cnVlLCJjb250ZW50IjoicG9zdF9leGNlcnB0Iiwic2V0dGluZ3MiOnsiYmVmb3JlIjoiPHA+IiwiYWZ0ZXIiOiI8L3A+Iiwid29yZHMiOiIxMDAwIiwicmVhZF9tb3JlX2xhYmVsIjoiIn19@[\/et_pb_text][\/et_pb_column][\/et_pb_row][\/et_pb_section][et_pb_section fb_built=\u00a0\u00bb1&Prime; _builder_version=\u00a0\u00bb4.17.4&Prime; _module_preset=\u00a0\u00bbdefault\u00a0\u00bb global_colors_info=\u00a0\u00bb{}\u00a0\u00bb][et_pb_row _builder_version=\u00a0\u00bb4.17.4&Prime; _module_preset=\u00a0\u00bbdefault\u00a0\u00bb global_colors_info=\u00a0\u00bb{}\u00a0\u00bb][et_pb_column type=\u00a0\u00bb4_4&Prime; _builder_version=\u00a0\u00bb4.17.4&Prime; _module_preset=\u00a0\u00bbdefault\u00a0\u00bb global_colors_info=\u00a0\u00bb{}\u00a0\u00bb][et_pb_blog fullwidth=\u00a0\u00bboff\u00a0\u00bb include_categories=\u00a0\u00bb9&Prime; show_author=\u00a0\u00bboff\u00a0\u00bb show_date=\u00a0\u00bboff\u00a0\u00bb _builder_version=\u00a0\u00bb4.17.4&Prime; _module_preset=\u00a0\u00bbdefault\u00a0\u00bb border_radii_image=\u00a0\u00bboff||||\u00a0\u00bb global_colors_info=\u00a0\u00bb{}\u00a0\u00bb][\/et_pb_blog][\/et_pb_column][\/et_pb_row][\/et_pb_section]<\/p>\n","protected":false},"excerpt":{"rendered":"<p>Nos mochis \u00e0 vos \u00e9v\u00e9nements, c&rsquo;est possible ! Que ce soit pour des \u00e9v\u00e8nements priv\u00e9s ou professionnels, faites d\u00e9couvrir nos mochis glac\u00e9s \u00e0 vos convives et offrez leur un choc gustatif, voil\u00e0 de quoi il est question lorsque l\u2019on go\u00fbte les mochis de Mochiri.<\/p>\n<p>Nous proposons plusieurs type d&rsquo;\u00e9v\u00e9nements, notamment le \u00ab\u00a0All inclusive\u00a0\u00bb alors n&rsquo;h\u00e9sitez plus, contactez nous pour avoir plus d&rsquo;informations ! <\/p>","protected":false},"author":2,"featured_media":4849,"parent":0,"menu_order":0,"comment_status":"closed","ping_status":"closed","template":"","meta":{"_acf_changed":false,"_et_pb_use_builder":"on","_et_pb_old_content":"","_et_gb_content_width":"","footnotes":""},"class_list":["post-4928","page","type-page","status-publish","has-post-thumbnail","hentry"],"acf":[],"yoast_head":"<!-- This site is optimized with the Yoast SEO plugin v27.2 - https:\/\/yoast.com\/product\/yoast-seo-wordpress\/ -->\n<title>Ev\u00e8nements avec Mochiri founisseur de mochi glac\u00e9 - Contactez-nous<\/title>\n<meta name=\"description\" content=\"F\u00e9tez vos Ev\u00e8nements avec Mochiri founisseur de mochi glac\u00e9. Pour vos mariages, anniversaires, incentives ou autres, pensez aux mochis glac\u00e9s avec Mochiri.\" \/>\n<meta name=\"robots\" content=\"index, follow, max-snippet:-1, max-image-preview:large, max-video-preview:-1\" \/>\n<link rel=\"canonical\" href=\"https:\/\/mochiri.com\/en\/events-with-mochiri-ice-maker\/\" \/>\n<meta property=\"og:locale\" content=\"en_US\" \/>\n<meta property=\"og:type\" content=\"article\" \/>\n<meta property=\"og:title\" content=\"Ev\u00e8nements avec Mochiri founisseur de mochi glac\u00e9 - Contactez-nous\" \/>\n<meta property=\"og:description\" content=\"F\u00e9tez vos Ev\u00e8nements avec Mochiri founisseur de mochi glac\u00e9. Pour vos mariages, anniversaires, incentives ou autres, pensez aux mochis glac\u00e9s avec Mochiri.\" \/>\n<meta property=\"og:url\" content=\"https:\/\/mochiri.com\/en\/events-with-mochiri-ice-maker\/\" \/>\n<meta property=\"og:site_name\" content=\"Mochiri\" \/>\n<meta property=\"article:publisher\" content=\"https:\/\/www.facebook.com\/mochiri_officiel-475290816574792\/\" \/>\n<meta property=\"article:modified_time\" content=\"2022-07-19T08:57:32+00:00\" \/>\n<meta property=\"og:image\" content=\"https:\/\/mochiri.com\/wp-content\/uploads\/2022\/06\/actus.png\" \/>\n\t<meta property=\"og:image:width\" content=\"1440\" \/>\n\t<meta property=\"og:image:height\" content=\"926\" \/>\n\t<meta property=\"og:image:type\" content=\"image\/png\" \/>\n<meta name=\"twitter:card\" content=\"summary_large_image\" \/>\n<meta name=\"twitter:label1\" content=\"Est. reading time\" \/>\n\t<meta name=\"twitter:data1\" content=\"1 minute\" \/>\n<script type=\"application\/ld+json\" class=\"yoast-schema-graph\">{\"@context\":\"https:\/\/schema.org\",\"@graph\":[{\"@type\":\"WebPage\",\"@id\":\"https:\/\/mochiri.com\/evenements-avec-mochiri-founisseur-de-mochi-glace\/\",\"url\":\"https:\/\/mochiri.com\/evenements-avec-mochiri-founisseur-de-mochi-glace\/\",\"name\":\"Ev\u00e8nements avec Mochiri founisseur de mochi glac\u00e9 - Contactez-nous\",\"isPartOf\":{\"@id\":\"https:\/\/mochiri.com\/#website\"},\"primaryImageOfPage\":{\"@id\":\"https:\/\/mochiri.com\/evenements-avec-mochiri-founisseur-de-mochi-glace\/#primaryimage\"},\"image\":{\"@id\":\"https:\/\/mochiri.com\/evenements-avec-mochiri-founisseur-de-mochi-glace\/#primaryimage\"},\"thumbnailUrl\":\"https:\/\/mochiri.com\/wp-content\/uploads\/2022\/06\/actus.png\",\"datePublished\":\"2022-06-21T17:46:48+00:00\",\"dateModified\":\"2022-07-19T08:57:32+00:00\",\"description\":\"F\u00e9tez vos Ev\u00e8nements avec Mochiri founisseur de mochi glac\u00e9. Pour vos mariages, anniversaires, incentives ou autres, pensez aux mochis glac\u00e9s avec Mochiri.\",\"inLanguage\":\"en-US\",\"potentialAction\":[{\"@type\":\"ReadAction\",\"target\":[\"https:\/\/mochiri.com\/evenements-avec-mochiri-founisseur-de-mochi-glace\/\"]}]},{\"@type\":\"ImageObject\",\"inLanguage\":\"en-US\",\"@id\":\"https:\/\/mochiri.com\/evenements-avec-mochiri-founisseur-de-mochi-glace\/#primaryimage\",\"url\":\"https:\/\/mochiri.com\/wp-content\/uploads\/2022\/06\/actus.png\",\"contentUrl\":\"https:\/\/mochiri.com\/wp-content\/uploads\/2022\/06\/actus.png\",\"width\":1440,\"height\":926,\"caption\":\"Mochi glac\u00e9 fraise\"},{\"@type\":\"WebSite\",\"@id\":\"https:\/\/mochiri.com\/#website\",\"url\":\"https:\/\/mochiri.com\/\",\"name\":\"Mochiri\",\"description\":\"Fournisseur fran\u00e7ais de mochi glac\u00e9 - Mochiri vous propose 14 mochis glac\u00e9s\",\"potentialAction\":[{\"@type\":\"SearchAction\",\"target\":{\"@type\":\"EntryPoint\",\"urlTemplate\":\"https:\/\/mochiri.com\/?s={search_term_string}\"},\"query-input\":{\"@type\":\"PropertyValueSpecification\",\"valueRequired\":true,\"valueName\":\"search_term_string\"}}],\"inLanguage\":\"en-US\"}]}<\/script>\n<!-- \/ Yoast SEO plugin. -->","yoast_head_json":{"title":"Events with Mochiri iced mochi maker - Contact us","description":"Celebrate your events with Mochiri iced mochi maker. For your weddings, birthdays, incentives or others, think of the iced mochis with Mochiri.","robots":{"index":"index","follow":"follow","max-snippet":"max-snippet:-1","max-image-preview":"max-image-preview:large","max-video-preview":"max-video-preview:-1"},"canonical":"https:\/\/mochiri.com\/en\/events-with-mochiri-ice-maker\/","og_locale":"en_US","og_type":"article","og_title":"Ev\u00e8nements avec Mochiri founisseur de mochi glac\u00e9 - Contactez-nous","og_description":"F\u00e9tez vos Ev\u00e8nements avec Mochiri founisseur de mochi glac\u00e9. Pour vos mariages, anniversaires, incentives ou autres, pensez aux mochis glac\u00e9s avec Mochiri.","og_url":"https:\/\/mochiri.com\/en\/events-with-mochiri-ice-maker\/","og_site_name":"Mochiri","article_publisher":"https:\/\/www.facebook.com\/mochiri_officiel-475290816574792\/","article_modified_time":"2022-07-19T08:57:32+00:00","og_image":[{"width":1440,"height":926,"url":"https:\/\/mochiri.com\/wp-content\/uploads\/2022\/06\/actus.png","type":"image\/png"}],"twitter_card":"summary_large_image","twitter_misc":{"Est. reading time":"1 minute"},"schema":{"@context":"https:\/\/schema.org","@graph":[{"@type":"WebPage","@id":"https:\/\/mochiri.com\/evenements-avec-mochiri-founisseur-de-mochi-glace\/","url":"https:\/\/mochiri.com\/evenements-avec-mochiri-founisseur-de-mochi-glace\/","name":"Events with Mochiri iced mochi maker - Contact us","isPartOf":{"@id":"https:\/\/mochiri.com\/#website"},"primaryImageOfPage":{"@id":"https:\/\/mochiri.com\/evenements-avec-mochiri-founisseur-de-mochi-glace\/#primaryimage"},"image":{"@id":"https:\/\/mochiri.com\/evenements-avec-mochiri-founisseur-de-mochi-glace\/#primaryimage"},"thumbnailUrl":"https:\/\/mochiri.com\/wp-content\/uploads\/2022\/06\/actus.png","datePublished":"2022-06-21T17:46:48+00:00","dateModified":"2022-07-19T08:57:32+00:00","description":"Celebrate your events with Mochiri iced mochi maker. For your weddings, birthdays, incentives or others, think of the iced mochis with Mochiri.","inLanguage":"en-US","potentialAction":[{"@type":"ReadAction","target":["https:\/\/mochiri.com\/evenements-avec-mochiri-founisseur-de-mochi-glace\/"]}]},{"@type":"ImageObject","inLanguage":"en-US","@id":"https:\/\/mochiri.com\/evenements-avec-mochiri-founisseur-de-mochi-glace\/#primaryimage","url":"https:\/\/mochiri.com\/wp-content\/uploads\/2022\/06\/actus.png","contentUrl":"https:\/\/mochiri.com\/wp-content\/uploads\/2022\/06\/actus.png","width":1440,"height":926,"caption":"Mochi glac\u00e9 fraise"},{"@type":"WebSite","@id":"https:\/\/mochiri.com\/#website","url":"https:\/\/mochiri.com\/","name":"Mochiri","description":"French supplier of iced mochi - Mochiri offers you 14 mochis","potentialAction":[{"@type":"SearchAction","target":{"@type":"EntryPoint","urlTemplate":"https:\/\/mochiri.com\/?s={search_term_string}"},"query-input":{"@type":"PropertyValueSpecification","valueRequired":true,"valueName":"search_term_string"}}],"inLanguage":"en-US"}]}},"_links":{"self":[{"href":"https:\/\/mochiri.com\/en\/wp-json\/wp\/v2\/pages\/4928","targetHints":{"allow":["GET"]}}],"collection":[{"href":"https:\/\/mochiri.com\/en\/wp-json\/wp\/v2\/pages"}],"about":[{"href":"https:\/\/mochiri.com\/en\/wp-json\/wp\/v2\/types\/page"}],"author":[{"embeddable":true,"href":"https:\/\/mochiri.com\/en\/wp-json\/wp\/v2\/users\/2"}],"replies":[{"embeddable":true,"href":"https:\/\/mochiri.com\/en\/wp-json\/wp\/v2\/comments?post=4928"}],"version-history":[{"count":0,"href":"https:\/\/mochiri.com\/en\/wp-json\/wp\/v2\/pages\/4928\/revisions"}],"wp:featuredmedia":[{"embeddable":true,"href":"https:\/\/mochiri.com\/en\/wp-json\/wp\/v2\/media\/4849"}],"wp:attachment":[{"href":"https:\/\/mochiri.com\/en\/wp-json\/wp\/v2\/media?parent=4928"}],"curies":[{"name":"wp","href":"https:\/\/api.w.org\/{rel}","templated":true}]}}